{"id":1255,"date":"2023-09-25T21:57:42","date_gmt":"2023-09-25T18:57:42","guid":{"rendered":"http:\/\/flypark.ee\/?page_id=1255"},"modified":"2025-06-13T14:43:38","modified_gmt":"2025-06-13T11:43:38","slug":"about","status":"publish","type":"page","link":"https:\/\/flypark.ee\/ru\/about\/","title":{"rendered":"\u0427\u0442\u043e \u0442\u0430\u043a\u043e\u0435 \u043f\u0430\u0440\u0430\u043f\u043b\u0430\u043d?"},"content":{"rendered":"<div data-elementor-type=\"wp-page\" data-elementor-id=\"1255\" class=\"elementor elementor-1255\">\n\t\t\t\t\t\t<section class=\"elementor-section elementor-top-section elementor-element elementor-element-19328cf6 elementor-section-boxed elementor-section-height-default elementor-section-height-default rael-particle-no\" data-id=\"19328cf6\" data-element_type=\"section\" data-e-type=\"section\" data-settings=\"{&quot;background_background&quot;:&quot;classic&quot;,&quot;rae_animations_entrance&quot;:&quot;none&quot;}\">\n\t\t\t\t\t\t<div class=\"elementor-container elementor-column-gap-default\">\n\t\t\t\t\t<div class=\"elementor-column elementor-col-50 elementor-top-column elementor-element elementor-element-78802ab0 rael-particle-no\" data-id=\"78802ab0\" data-element_type=\"column\" data-e-type=\"column\">\n\t\t\t<div class=\"elementor-widget-wrap elementor-element-populated\">\n\t\t\t\t<div class=\"elementor-element elementor-element-781054a e-flex e-con-boxed rael-particle-no e-con e-parent\" data-id=\"781054a\" data-element_type=\"container\" data-e-type=\"container\" data-settings=\"{&quot;rae_animations_entrance&quot;:&quot;none&quot;}\">\n\t\t\t\t\t<div class=\"e-con-inner\">\n\t\t\t\t<div class=\"elementor-element elementor-element-65c40e0 elementor-widget elementor-widget-heading\" data-id=\"65c40e0\" data-element_type=\"widget\" data-e-type=\"widget\" data-widget_type=\"heading.default\">\n\t\t\t\t<div class=\"elementor-widget-container\">\n\t\t\t\t\t<h2 class=\"elementor-heading-title elementor-size-default\">\u0427\u0422\u041e \u0422\u0410\u041a\u041e\u0415 \u041f\u0410\u0420\u0410\u041f\u041b\u0410\u041d<\/h2>\t\t\t\t<\/div>\n\t\t\t\t<\/div>\n\t\t\t\t<div class=\"elementor-element elementor-element-4f17ff5 elementor-widget elementor-widget-image\" data-id=\"4f17ff5\" data-element_type=\"widget\" data-e-type=\"widget\" data-widget_type=\"image.default\">\n\t\t\t\t<div class=\"elementor-widget-container\">\n\t\t\t\t\t\t\t\t\t\t\t\t\t\t\t<img decoding=\"async\" src=\"https:\/\/flypark.ee\/wp-content\/uploads\/2023\/09\/cropped-enzo_512x512.webp\" title=\"cropped-enzo_512x512.webp\" alt=\"cropped-enzo_512x512.webp\" loading=\"lazy\" \/>\t\t\t\t\t\t\t\t\t\t\t\t\t\t\t<\/div>\n\t\t\t\t<\/div>\n\t\t\t\t<div class=\"elementor-element elementor-element-527a430 elementor-widget elementor-widget-text-editor\" data-id=\"527a430\" data-element_type=\"widget\" data-e-type=\"widget\" data-widget_type=\"text-editor.default\">\n\t\t\t\t<div class=\"elementor-widget-container\">\n\t\t\t\t\t\t\t\t\t<p>\u2014 \u041f\u0430\u0440\u0430\u043f\u043b\u0430\u043d \u044d\u0442\u043e \u0441\u0432\u0435\u0440\u0445\u043b\u0451\u0433\u043a\u0438\u0439 \u043b\u0435\u0442\u0430\u0442\u0435\u043b\u044c\u043d\u044b\u0439\n\u0430\u043f\u043f\u0430\u0440\u0430\u0442 \u0438 \u043d\u0435\u0441\u043c\u043e\u0442\u0440\u044f \u043d\u0430 \u043e\u0442\u0441\u0443\u0442\u0441\u0442\u0432\u0438\u0435 \u0434\u0432\u0438\u0433\u0430\u0442\u0435\u043b\u044f\n\u043d\u0430 \u043d\u0451\u043c \u043c\u043e\u0436\u043d\u043e \u043b\u0435\u0442\u0430\u0442\u044c \u0447\u0430\u0441\u0430\u043c\u0438, \u043f\u0440\u0435\u043e\u0434\u043e\u043b\u0435\u0432\u0430\u044f\n\u0434\u0435\u0441\u044f\u0442\u043a\u0438 \u0438 \u0434\u0430\u0436\u0435 \u0441\u043e\u0442\u043d\u0438 \u043a\u0438\u043b\u043e\u043c\u0435\u0442\u0440\u043e\u0432.<\/p><ul><li><strong>\u0412 \u042d\u0441\u0442\u043e\u043d\u0438\u0438 \u043b\u0435\u0442\u0430\u0435\u043c \u0434\u0432\u0443\u043c\u044f \u0441\u043f\u043e\u0441\u043e\u0431\u0430\u043c\u0438:<\/strong><\/li><\/ul><p><span style=\"font-size: 16px; text-align: var(--text-align); text-transform: inherit;\">\u2014 \u041f\u043e\u043b\u0451\u0442\u044b \u0441 \u043f\u043e\u043c\u043e\u0449\u044c\u044e \u043b\u0435\u0431\u0451\u0434\u043a\u0438,\n\u0437\u0430\u0442\u044f\u0433\u0438\u0432\u0430\u0435\u043c\u0441\u044f \u043d\u0430 \u0432\u044b\u0441\u043e\u0442\u0443 300-500\n\u043c\u0435\u0442\u0440\u043e\u0432 \u0438 \u0434\u0430\u043b\u044c\u0448\u0435 \u043d\u0430\u0431\u043e\u0440 \u0432\u044b\u0441\u043e\u0442\u044b\n\u043f\u0440\u043e\u0438\u0441\u0445\u043e\u0434\u0438\u0442 \u0432 \u0432\u043e\u0441\u0445\u043e\u0434\u044f\u0449\u0438\u0445 \u043f\u043e\u0442\u043e\u043a\u0430\u0445.<\/span><\/p><p>\u2014 \u041f\u043e\u043b\u0451\u0442\u044b \u043d\u0430 \u0434\u0438\u043d\u0430\u043c\u0438\u043a\u0430\u0445 (\u043e\u0431\u0440\u044b\u0432\u044b\n\u041e\u043d\u0442\u0438\u043a\u0430, \u0422\u0430\u0431\u0430\u0441\u0430\u043b\u0443, \u0422\u044e\u0440\u0438\u0441\u0430\u043b\u0443,\n\u041f\u0430\u043b\u0434\u0438\u0441\u043a\u0438, \u043f\u0435\u0441\u0447\u0430\u043d\u044b\u0435 \u0434\u044e\u043d\u044b \u0410\u043b\u0430\u0439\u044b\u0435).\n\u041a\u0441\u0442\u0430\u0442\u0438 \u0434\u0438\u043d\u0430\u043c\u0438\u043a \u041e\u043d\u0442\u0438\u043a\u0430 \u043f\u043e\u0437\u0432\u043e\u043b\u044f\u0435\u0442\n\u043b\u0435\u0442\u0430\u0442\u044c \u043c\u0430\u0440\u0448\u0440\u0443\u0442\u044b \u0432 \u0434\u0435\u0441\u044f\u0442\u043a\u0438\n\u043a\u0438\u043b\u043e\u043c\u0435\u0442\u0440\u043e\u0432, \u0438 \u043f\u0440\u0438 \u043f\u043e\u0434\u0445\u043e\u0434\u044f\u0449\u0435\u0439\n\u043f\u043e\u0433\u043e\u0434\u0435 \u043c\u043e\u0436\u043d\u043e \u0441\u043b\u0435\u0442\u0430\u0442\u044c \u043e\u0442 \u043f\u043e\u0440\u0442\u0430\n\u0421\u0438\u043b\u043b\u0430\u043c\u044f\u044d \u0434\u043e \u043c\u044b\u0437\u044b \u0421\u0430\u043a\u0430 \u0438 \u043e\u0431\u0440\u0430\u0442\u043d\u043e!<\/p><p>\u041c\u044b \u043f\u0440\u0435\u0434\u043b\u0430\u0433\u0430\u0435\u043c \u0440\u0430\u0437\u0432\u043b\u0435\u043a\u0430\u0442\u0435\u043b\u044c\u043d\u044b\u0435 \u043f\u043e\u043b\u0451\u0442\u044b \u0432\n\u0442\u0430\u043d\u0434\u0435\u043c\u0435 \u0433\u0434\u0435 \u043e\u0442 \u0432\u0430\u0441 \u043d\u0435 \u0442\u0440\u0435\u0431\u0443\u0435\u0442\u0441\u044f \u043d\u0438\u043a\u0430\u043a\u043e\u0439\n\u0441\u043f\u0435\u0446\u0438\u0430\u043b\u044c\u043d\u043e\u0439 \u043f\u043e\u0434\u0433\u043e\u0442\u043e\u0432\u043a\u0438, \u0447\u0438\u0442\u0430\u0439\u0442\u0435 \u0437\u0434\u0435\u0441\u044c\n\u043f\u0440\u043e <a href=\"https:\/\/flypark.ee\/ru\/tandem\/\">\u043f\u043e\u043b\u0451\u0442 \u0432 \u0442\u0430\u043d\u0434\u0435\u043c\u0435<\/a>.<\/p><p>\u0415\u0441\u043b\u0438 \u0432\u044b \u0445\u043e\u0442\u0438\u0442\u0435 \u043f\u043e\u0434\u0430\u0440\u0438\u0442\u044c \u043f\u043e\u043b\u0451\u0442 \u0432\n\u0442\u0430\u043d\u0434\u0435\u043c\u0435, \u0443 \u043d\u0430\u0441 \u0435\u0441\u0442\u044c <a href=\"https:\/\/flypark.ee\/ru\/kinkekaart\/\">\u043f\u043e\u0434\u0430\u0440\u043e\u0447\u043d\u044b\u0435 \u043a\u0430\u0440\u0442\u044b<\/a>. \u0412 \u043f\u043e\u043b\u0451\u0442 \u043c\u044b \u0432\u043e\u0437\u044c\u043c\u0451\u043c \u043a\u0430\u043c\u0435\u0440\u0443 \u0447\u0442\u043e\u0431\u044b \u0432\u044b \u0441\u0434\u0435\u043b\u0430\u043b\u0438 \u0444\u043e\u0442\u043e \u0438 \u0432\u0438\u0434\u0435\u043e \u043d\u0430 \u043f\u0430\u043c\u044f\u0442\u044c!<\/p><p><strong>\u0410 \u0432\u043f\u0440\u043e\u0447\u0435\u043c \u0441\u043c\u043e\u0442\u0440\u0438\u0442\u0435 \u0432\u0438\u0434\u0435\u043e \u0447\u0442\u043e \u044d\u0442\u043e \u0442\u0430\u043a\u043e\u0435 \u0438\n\u043a\u0430\u043a \u043c\u044b \u043b\u0435\u0442\u0430\u0435\u043c \u0432 \u042d\u0441\u0442\u043e\u043d\u0438\u0438:<\/strong><\/p>\t\t\t\t\t\t\t\t<\/div>\n\t\t\t\t<\/div>\n\t\t\t\t<div class=\"elementor-element elementor-element-bc6403a elementor-widget elementor-widget-video\" data-id=\"bc6403a\" data-element_type=\"widget\" data-e-type=\"widget\" data-settings=\"{&quot;youtube_url&quot;:&quot;https:\\\/\\\/www.youtube.com\\\/watch?v=gnNjNnNhp6s&quot;,&quot;video_type&quot;:&quot;youtube&quot;,&quot;controls&quot;:&quot;yes&quot;}\" data-widget_type=\"video.default\">\n\t\t\t\t<div class=\"elementor-widget-container\">\n\t\t\t\t\t\t\t<div class=\"elementor-wrapper elementor-open-inline\">\n\t\t\t<div class=\"elementor-video\"><\/div>\t\t<\/div>\n\t\t\t\t\t\t<\/div>\n\t\t\t\t<\/div>\n\t\t\t\t<div class=\"elementor-element elementor-element-f48f709 elementor-widget elementor-widget-video\" data-id=\"f48f709\" data-element_type=\"widget\" data-e-type=\"widget\" data-settings=\"{&quot;youtube_url&quot;:&quot;https:\\\/\\\/www.youtube.com\\\/watch?v=HVFFm7RLXNY&quot;,&quot;video_type&quot;:&quot;youtube&quot;,&quot;controls&quot;:&quot;yes&quot;}\" data-widget_type=\"video.default\">\n\t\t\t\t<div class=\"elementor-widget-container\">\n\t\t\t\t\t\t\t<div class=\"elementor-wrapper elementor-open-inline\">\n\t\t\t<div class=\"elementor-video\"><\/div>\t\t<\/div>\n\t\t\t\t\t\t<\/div>\n\t\t\t\t<\/div>\n\t\t\t\t\t<\/div>\n\t\t\t\t<\/div>\n\t\t\t\t\t<\/div>\n\t\t<\/div>\n\t\t\t\t<div class=\"elementor-column elementor-col-50 elementor-top-column elementor-element elementor-element-549865a9 rael-particle-no\" data-id=\"549865a9\" data-element_type=\"column\" data-e-type=\"column\">\n\t\t\t<div class=\"elementor-widget-wrap elementor-element-populated\">\n\t\t\t\t\t\t<section class=\"elementor-section elementor-inner-section elementor-element elementor-element-62cb2483 elementor-section-boxed elementor-section-height-default elementor-section-height-default rael-particle-no\" data-id=\"62cb2483\" data-element_type=\"section\" data-e-type=\"section\" data-settings=\"{&quot;rae_animations_entrance&quot;:&quot;none&quot;}\">\n\t\t\t\t\t\t<div class=\"elementor-container elementor-column-gap-default\">\n\t\t\t\t\t<div class=\"elementor-column elementor-col-100 elementor-inner-column elementor-element elementor-element-50789932 rael-particle-no\" data-id=\"50789932\" data-element_type=\"column\" data-e-type=\"column\">\n\t\t\t<div class=\"elementor-widget-wrap elementor-element-populated\">\n\t\t\t\t\t\t<div class=\"elementor-element elementor-element-6d7a9e55 elementor-widget elementor-widget-heading\" data-id=\"6d7a9e55\" data-element_type=\"widget\" data-e-type=\"widget\" data-widget_type=\"heading.default\">\n\t\t\t\t<div class=\"elementor-widget-container\">\n\t\t\t\t\t<h2 class=\"elementor-heading-title elementor-size-default\">\u041f\u041e\u0414\u0410\u0420\u041e\u0427\u041d\u0410\u042f \u041a\u0410\u0420\u0422\u0410<\/h2>\t\t\t\t<\/div>\n\t\t\t\t<\/div>\n\t\t\t\t<div class=\"elementor-element elementor-element-2e6744b elementor-widget elementor-widget-image\" data-id=\"2e6744b\" data-element_type=\"widget\" data-e-type=\"widget\" data-widget_type=\"image.default\">\n\t\t\t\t<div class=\"elementor-widget-container\">\n\t\t\t\t\t\t\t\t\t\t\t\t\t\t\t\t<a href=\"https:\/\/flypark.ee\/ru\/kinkekaart\/\">\n\t\t\t\t\t\t\t<img fetchpriority=\"high\" decoding=\"async\" width=\"752\" height=\"533\" src=\"https:\/\/flypark.ee\/wp-content\/uploads\/2025\/06\/\u0410\u043b\u0435\u043a\u0441\u0430\u043d\u0434\u0440_Kinkekaart_\u041f\u043e\u0434\u0430\u0440\u043e\u0447\u043d\u0430\u044f-\u043a\u0430\u0440\u0442\u0430_\u04306_4-4_\u043b\u0438\u0446\u043e_\u043f\u0440\u0435\u0432\u044c\u044e-768x547-1-1024x726.webp\" class=\"attachment-large size-large wp-image-3436\" alt=\"\" srcset=\"https:\/\/flypark.ee\/wp-content\/uploads\/2025\/06\/\u0410\u043b\u0435\u043a\u0441\u0430\u043d\u0434\u0440_Kinkekaart_\u041f\u043e\u0434\u0430\u0440\u043e\u0447\u043d\u0430\u044f-\u043a\u0430\u0440\u0442\u0430_\u04306_4-4_\u043b\u0438\u0446\u043e_\u043f\u0440\u0435\u0432\u044c\u044e-768x547-1-1024x726.webp 1024w, https:\/\/flypark.ee\/wp-content\/uploads\/2025\/06\/\u0410\u043b\u0435\u043a\u0441\u0430\u043d\u0434\u0440_Kinkekaart_\u041f\u043e\u0434\u0430\u0440\u043e\u0447\u043d\u0430\u044f-\u043a\u0430\u0440\u0442\u0430_\u04306_4-4_\u043b\u0438\u0446\u043e_\u043f\u0440\u0435\u0432\u044c\u044e-768x547-1-300x213.webp 300w, https:\/\/flypark.ee\/wp-content\/uploads\/2025\/06\/\u0410\u043b\u0435\u043a\u0441\u0430\u043d\u0434\u0440_Kinkekaart_\u041f\u043e\u0434\u0430\u0440\u043e\u0447\u043d\u0430\u044f-\u043a\u0430\u0440\u0442\u0430_\u04306_4-4_\u043b\u0438\u0446\u043e_\u043f\u0440\u0435\u0432\u044c\u044e-768x547-1-768x545.webp 768w, https:\/\/flypark.ee\/wp-content\/uploads\/2025\/06\/\u0410\u043b\u0435\u043a\u0441\u0430\u043d\u0434\u0440_Kinkekaart_\u041f\u043e\u0434\u0430\u0440\u043e\u0447\u043d\u0430\u044f-\u043a\u0430\u0440\u0442\u0430_\u04306_4-4_\u043b\u0438\u0446\u043e_\u043f\u0440\u0435\u0432\u044c\u044e-768x547-1-1536x1090.webp 1536w, https:\/\/flypark.ee\/wp-content\/uploads\/2025\/06\/\u0410\u043b\u0435\u043a\u0441\u0430\u043d\u0434\u0440_Kinkekaart_\u041f\u043e\u0434\u0430\u0440\u043e\u0447\u043d\u0430\u044f-\u043a\u0430\u0440\u0442\u0430_\u04306_4-4_\u043b\u0438\u0446\u043e_\u043f\u0440\u0435\u0432\u044c\u044e-768x547-1-18x12.webp 18w, https:\/\/flypark.ee\/wp-content\/uploads\/2025\/06\/\u0410\u043b\u0435\u043a\u0441\u0430\u043d\u0434\u0440_Kinkekaart_\u041f\u043e\u0434\u0430\u0440\u043e\u0447\u043d\u0430\u044f-\u043a\u0430\u0440\u0442\u0430_\u04306_4-4_\u043b\u0438\u0446\u043e_\u043f\u0440\u0435\u0432\u044c\u044e-768x547-1-100x71.webp 100w, https:\/\/flypark.ee\/wp-content\/uploads\/2025\/06\/\u0410\u043b\u0435\u043a\u0441\u0430\u043d\u0434\u0440_Kinkekaart_\u041f\u043e\u0434\u0430\u0440\u043e\u0447\u043d\u0430\u044f-\u043a\u0430\u0440\u0442\u0430_\u04306_4-4_\u043b\u0438\u0446\u043e_\u043f\u0440\u0435\u0432\u044c\u044e-768x547-1-150x106.webp 150w, https:\/\/flypark.ee\/wp-content\/uploads\/2025\/06\/\u0410\u043b\u0435\u043a\u0441\u0430\u043d\u0434\u0440_Kinkekaart_\u041f\u043e\u0434\u0430\u0440\u043e\u0447\u043d\u0430\u044f-\u043a\u0430\u0440\u0442\u0430_\u04306_4-4_\u043b\u0438\u0446\u043e_\u043f\u0440\u0435\u0432\u044c\u044e-768x547-1-200x142.webp 200w, https:\/\/flypark.ee\/wp-content\/uploads\/2025\/06\/\u0410\u043b\u0435\u043a\u0441\u0430\u043d\u0434\u0440_Kinkekaart_\u041f\u043e\u0434\u0430\u0440\u043e\u0447\u043d\u0430\u044f-\u043a\u0430\u0440\u0442\u0430_\u04306_4-4_\u043b\u0438\u0446\u043e_\u043f\u0440\u0435\u0432\u044c\u044e-768x547-1-450x319.webp 450w, https:\/\/flypark.ee\/wp-content\/uploads\/2025\/06\/\u0410\u043b\u0435\u043a\u0441\u0430\u043d\u0434\u0440_Kinkekaart_\u041f\u043e\u0434\u0430\u0440\u043e\u0447\u043d\u0430\u044f-\u043a\u0430\u0440\u0442\u0430_\u04306_4-4_\u043b\u0438\u0446\u043e_\u043f\u0440\u0435\u0432\u044c\u044e-768x547-1-600x426.webp 600w, https:\/\/flypark.ee\/wp-content\/uploads\/2025\/06\/\u0410\u043b\u0435\u043a\u0441\u0430\u043d\u0434\u0440_Kinkekaart_\u041f\u043e\u0434\u0430\u0440\u043e\u0447\u043d\u0430\u044f-\u043a\u0430\u0440\u0442\u0430_\u04306_4-4_\u043b\u0438\u0446\u043e_\u043f\u0440\u0435\u0432\u044c\u044e-768x547-1-900x638.jpg 900w, https:\/\/flypark.ee\/wp-content\/uploads\/2025\/06\/\u0410\u043b\u0435\u043a\u0441\u0430\u043d\u0434\u0440_Kinkekaart_\u041f\u043e\u0434\u0430\u0440\u043e\u0447\u043d\u0430\u044f-\u043a\u0430\u0440\u0442\u0430_\u04306_4-4_\u043b\u0438\u0446\u043e_\u043f\u0440\u0435\u0432\u044c\u044e-768x547-1.webp 1748w\" sizes=\"(max-width: 752px) 100vw, 752px\" \/>\t\t\t\t\t\t\t\t<\/a>\n\t\t\t\t\t\t\t\t\t\t\t\t\t\t\t<\/div>\n\t\t\t\t<\/div>\n\t\t\t\t\t<\/div>\n\t\t<\/div>\n\t\t\t\t\t<\/div>\n\t\t<\/section>\n\t\t\t\t<section class=\"elementor-section elementor-inner-section elementor-element elementor-element-5e1b79e0 elementor-section-boxed elementor-section-height-default elementor-section-height-default rael-particle-no\" data-id=\"5e1b79e0\" data-element_type=\"section\" data-e-type=\"section\" data-settings=\"{&quot;rae_animations_entrance&quot;:&quot;none&quot;}\">\n\t\t\t\t\t\t<div class=\"elementor-container elementor-column-gap-default\">\n\t\t\t\t\t<div class=\"elementor-column elementor-col-100 elementor-inner-column elementor-element elementor-element-2acbad53 rael-particle-no\" data-id=\"2acbad53\" data-element_type=\"column\" data-e-type=\"column\">\n\t\t\t<div class=\"elementor-widget-wrap elementor-element-populated\">\n\t\t\t\t\t\t<div class=\"elementor-element elementor-element-12837606 elementor-widget elementor-widget-heading\" data-id=\"12837606\" data-element_type=\"widget\" data-e-type=\"widget\" data-widget_type=\"heading.default\">\n\t\t\t\t<div class=\"elementor-widget-container\">\n\t\t\t\t\t<h2 class=\"elementor-heading-title elementor-size-default\">\u041c\u042b \u0412 \u041c\u0415\u0421\u0421\u0415\u041d\u0414\u0416\u0415\u0420\u0410\u0425<\/h2>\t\t\t\t<\/div>\n\t\t\t\t<\/div>\n\t\t\t\t<div class=\"elementor-element elementor-element-51c53655 elementor-widget elementor-widget-text-editor\" data-id=\"51c53655\" data-element_type=\"widget\" data-e-type=\"widget\" data-widget_type=\"text-editor.default\">\n\t\t\t\t<div class=\"elementor-widget-container\">\n\t\t\t\t\t\t\t\t\t<div class=\"responsive-block-editor-addons-team-description\"><p>\u041e\u0431\u044f\u0437\u0430\u0442\u0435\u043b\u044c\u043d\u043e \u0432\u0441\u0442\u0443\u043f\u0438\u0442\u0435 \u0432 \u043a\u0430\u043a\u0443\u044e-\u043d\u0438\u0431\u0443\u0434\u044c \u0438\u0437 \u0433\u0440\u0443\u043f\u043f, \u0438 \u0431\u0443\u0434\u0435\u0442\u0435 \u0441\u0440\u0430\u0437\u0443 \u0443\u0437\u043d\u0430\u0432\u0430\u0442\u044c \u043e \u043f\u0440\u0435\u0434\u0441\u0442\u043e\u044f\u0449\u0438\u0445 \u043f\u043e\u043b\u0451\u0442\u0430\u0445 \u0438 \u043d\u0430\u0447\u0430\u043b\u0435 \u0440\u0435\u0433\u0438\u0441\u0442\u0440\u0430\u0446\u0438\u0438:<\/p><\/div><div class=\"responsive-block-editor-addons-team-social-icons-wrapper\">\u00a0<\/div>\t\t\t\t\t\t\t\t<\/div>\n\t\t\t\t<\/div>\n\t\t<div class=\"elementor-element elementor-element-bd4560a e-flex e-con-boxed rael-particle-no e-con e-parent\" data-id=\"bd4560a\" data-element_type=\"container\" data-e-type=\"container\" data-settings=\"{&quot;rae_animations_entrance&quot;:&quot;none&quot;}\">\n\t\t\t\t\t<div class=\"e-con-inner\">\n\t\t\t\t<div class=\"elementor-element elementor-element-701cc9e elementor-shape-square elementor-grid-0 e-grid-align-center elementor-widget elementor-widget-social-icons\" data-id=\"701cc9e\" data-element_type=\"widget\" data-e-type=\"widget\" data-widget_type=\"social-icons.default\">\n\t\t\t\t<div class=\"elementor-widget-container\">\n\t\t\t\t\t\t\t<div class=\"elementor-social-icons-wrapper elementor-grid\" role=\"list\">\n\t\t\t\t\t\t\t<span class=\"elementor-grid-item\" role=\"listitem\">\n\t\t\t\t\t<a class=\"elementor-icon elementor-social-icon elementor-social-icon-facebook elementor-animation-grow elementor-repeater-item-2dc757f\" href=\"http:\/\/facebook.com\/flyparkest\" target=\"_blank\">\n\t\t\t\t\t\t<span class=\"elementor-screen-only\">Facebook<\/span>\n\t\t\t\t\t\t<i aria-hidden=\"true\" class=\"fab fa-facebook\"><\/i>\t\t\t\t\t<\/a>\n\t\t\t\t<\/span>\n\t\t\t\t\t\t\t<span class=\"elementor-grid-item\" role=\"listitem\">\n\t\t\t\t\t<a class=\"elementor-icon elementor-social-icon elementor-social-icon-telegram elementor-animation-grow elementor-repeater-item-27abc82\" href=\"https:\/\/t.me\/+F4EhFeiGsSk3ZWJk\" target=\"_blank\">\n\t\t\t\t\t\t<span class=\"elementor-screen-only\">Telegram<\/span>\n\t\t\t\t\t\t<i aria-hidden=\"true\" class=\"fab fa-telegram\"><\/i>\t\t\t\t\t<\/a>\n\t\t\t\t<\/span>\n\t\t\t\t\t\t\t<span class=\"elementor-grid-item\" role=\"listitem\">\n\t\t\t\t\t<a class=\"elementor-icon elementor-social-icon elementor-social-icon-whatsapp elementor-animation-grow elementor-repeater-item-2a06f8e\" href=\"https:\/\/chat.whatsapp.com\/HJ5K3KHs7JLIIm7htiUBS0\" target=\"_blank\">\n\t\t\t\t\t\t<span class=\"elementor-screen-only\">Whatsapp<\/span>\n\t\t\t\t\t\t<i aria-hidden=\"true\" class=\"fab fa-whatsapp\"><\/i>\t\t\t\t\t<\/a>\n\t\t\t\t<\/span>\n\t\t\t\t\t\t\t<span class=\"elementor-grid-item\" role=\"listitem\">\n\t\t\t\t\t<a class=\"elementor-icon elementor-social-icon elementor-social-icon-viber elementor-animation-grow elementor-repeater-item-13ca19d\" href=\"https:\/\/invite.viber.com\/?g=MF8w62G2m1BGhnZjqPITUVQFTUmNrSa7\" target=\"_blank\">\n\t\t\t\t\t\t<span class=\"elementor-screen-only\">Viber<\/span>\n\t\t\t\t\t\t<i aria-hidden=\"true\" class=\"fab fa-viber\"><\/i>\t\t\t\t\t<\/a>\n\t\t\t\t<\/span>\n\t\t\t\t\t<\/div>\n\t\t\t\t\t\t<\/div>\n\t\t\t\t<\/div>\n\t\t\t\t\t<\/div>\n\t\t\t\t<\/div>\n\t\t\t\t<div class=\"elementor-element elementor-element-3bbcfcc2 elementor-widget elementor-widget-image\" data-id=\"3bbcfcc2\" data-element_type=\"widget\" data-e-type=\"widget\" data-widget_type=\"image.default\">\n\t\t\t\t<div class=\"elementor-widget-container\">\n\t\t\t\t\t\t\t\t\t\t\t\t\t\t\t<img decoding=\"async\" src=\"https:\/\/flypark.ee\/wp-content\/uploads\/2023\/10\/soc2.jpg\" title=\"soc2\" alt=\"soc2\" loading=\"lazy\" \/>\t\t\t\t\t\t\t\t\t\t\t\t\t\t\t<\/div>\n\t\t\t\t<\/div>\n\t\t\t\t\t<\/div>\n\t\t<\/div>\n\t\t\t\t\t<\/div>\n\t\t<\/section>\n\t\t\t\t\t<\/div>\n\t\t<\/div>\n\t\t\t\t\t<\/div>\n\t\t<\/section>\n\t\t\t\t<\/div>","protected":false},"excerpt":{"rendered":"<p>MIS ON PARAPLAAN &#8212; Paraplaan on \u00fclikerge lennuaparaat, vaatamata mootori puudumisele saab sellega lennata tunde, l\u00e4bides k\u00fcmneid ja isegi sadu kilomeetreid. Lendame Eestis kahel viisil: &#8212; Lennud vintsi abil, t\u00f5useme 300-500 meetri k\u00f5rgusele ja siis t\u00f5useme t\u00f5usva \u00f5huvoolu tuulesambas k\u00f5rgemale. &hellip;<\/p>\n<p class=\"read-more\"> <a class=\"more-link\" href=\"https:\/\/flypark.ee\/ru\/about\/\"> <span class=\"screen-reader-text\">\u0427\u0442\u043e \u0442\u0430\u043a\u043e\u0435 \u043f\u0430\u0440\u0430\u043f\u043b\u0430\u043d?<\/span> \u0427\u0438\u0442\u0430\u0442\u044c \u0434\u0430\u043b\u0435\u0435 &raquo;<\/a><\/p>","protected":false},"author":1,"featured_media":0,"parent":0,"menu_order":0,"comment_status":"closed","ping_status":"closed","template":"elementor_header_footer","meta":{"_monsterinsights_skip_tracking":false,"_monsterinsights_sitenote_active":false,"_monsterinsights_sitenote_note":"","_monsterinsights_sitenote_category":0,"footnotes":""},"class_list":["post-1255","page","type-page","status-publish","hentry"],"aioseo_notices":[],"_links":{"self":[{"href":"https:\/\/flypark.ee\/ru\/wp-json\/wp\/v2\/pages\/1255","targetHints":{"allow":["GET"]}}],"collection":[{"href":"https:\/\/flypark.ee\/ru\/wp-json\/wp\/v2\/pages"}],"about":[{"href":"https:\/\/flypark.ee\/ru\/wp-json\/wp\/v2\/types\/page"}],"author":[{"embeddable":true,"href":"https:\/\/flypark.ee\/ru\/wp-json\/wp\/v2\/users\/1"}],"replies":[{"embeddable":true,"href":"https:\/\/flypark.ee\/ru\/wp-json\/wp\/v2\/comments?post=1255"}],"version-history":[{"count":74,"href":"https:\/\/flypark.ee\/ru\/wp-json\/wp\/v2\/pages\/1255\/revisions"}],"predecessor-version":[{"id":3467,"href":"https:\/\/flypark.ee\/ru\/wp-json\/wp\/v2\/pages\/1255\/revisions\/3467"}],"wp:attachment":[{"href":"https:\/\/flypark.ee\/ru\/wp-json\/wp\/v2\/media?parent=1255"}],"curies":[{"name":"wp","href":"https:\/\/api.w.org\/{rel}","templated":true}]}}