{"id":1612,"date":"2023-09-30T02:36:30","date_gmt":"2023-09-29T23:36:30","guid":{"rendered":"https:\/\/flypark.ee\/?page_id=1612"},"modified":"2025-06-13T13:52:03","modified_gmt":"2025-06-13T10:52:03","slug":"kinkekaart","status":"publish","type":"page","link":"https:\/\/flypark.ee\/ru\/kinkekaart\/","title":{"rendered":"\u041f\u043e\u0434\u0430\u0440\u043e\u0447\u043d\u0430\u044f \u043a\u0430\u0440\u0442\u0430"},"content":{"rendered":"<div data-elementor-type=\"wp-page\" data-elementor-id=\"1612\" class=\"elementor elementor-1612\">\n\t\t\t\t\t\t<section class=\"elementor-section elementor-top-section elementor-element elementor-element-4a9e1d43 elementor-section-boxed elementor-section-height-default elementor-section-height-default rael-particle-no\" data-id=\"4a9e1d43\" data-element_type=\"section\" data-e-type=\"section\" data-settings=\"{&quot;background_background&quot;:&quot;classic&quot;,&quot;rae_animations_entrance&quot;:&quot;none&quot;}\">\n\t\t\t\t\t\t<div class=\"elementor-container elementor-column-gap-default\">\n\t\t\t\t\t<div class=\"elementor-column elementor-col-50 elementor-top-column elementor-element elementor-element-14afe788 rael-particle-no\" data-id=\"14afe788\" data-element_type=\"column\" data-e-type=\"column\">\n\t\t\t<div class=\"elementor-widget-wrap elementor-element-populated\">\n\t\t\t\t<div class=\"elementor-element elementor-element-7ca9b12 e-flex e-con-boxed rael-particle-no e-con e-parent\" data-id=\"7ca9b12\" data-element_type=\"container\" data-e-type=\"container\" data-settings=\"{&quot;rae_animations_entrance&quot;:&quot;none&quot;}\">\n\t\t\t\t\t<div class=\"e-con-inner\">\n\t\t\t\t<div class=\"elementor-element elementor-element-2957645 elementor-widget elementor-widget-heading\" data-id=\"2957645\" data-element_type=\"widget\" data-e-type=\"widget\" data-widget_type=\"heading.default\">\n\t\t\t\t<div class=\"elementor-widget-container\">\n\t\t\t\t\t<h2 class=\"elementor-heading-title elementor-size-default\">\u041f\u041e\u0414\u0410\u0420\u041e\u0427\u041d\u0410\u042f \u041a\u0410\u0420\u0422\u0410<\/h2>\t\t\t\t<\/div>\n\t\t\t\t<\/div>\n\t\t\t\t<div class=\"elementor-element elementor-element-45af6fe elementor-widget elementor-widget-image\" data-id=\"45af6fe\" data-element_type=\"widget\" data-e-type=\"widget\" data-widget_type=\"image.default\">\n\t\t\t\t<div class=\"elementor-widget-container\">\n\t\t\t\t\t\t\t\t\t\t\t\t\t\t\t<img fetchpriority=\"high\" decoding=\"async\" width=\"752\" height=\"534\" src=\"https:\/\/flypark.ee\/wp-content\/uploads\/2025\/06\/\u0410\u043b\u0435\u043a\u0441\u0430\u043d\u0434\u0440_Kinkekaart_\u041f\u043e\u0434\u0430\u0440\u043e\u0447\u043d\u0430\u044f-\u043a\u0430\u0440\u0442\u0430_\u04306_4-4_\u043b\u0438\u0446\u043e_\u043f\u0440\u0435\u0432\u044c\u044e-768x547-1-768x545.webp\" class=\"attachment-medium_large size-medium_large wp-image-3436\" alt=\"\" srcset=\"https:\/\/flypark.ee\/wp-content\/uploads\/2025\/06\/\u0410\u043b\u0435\u043a\u0441\u0430\u043d\u0434\u0440_Kinkekaart_\u041f\u043e\u0434\u0430\u0440\u043e\u0447\u043d\u0430\u044f-\u043a\u0430\u0440\u0442\u0430_\u04306_4-4_\u043b\u0438\u0446\u043e_\u043f\u0440\u0435\u0432\u044c\u044e-768x547-1-768x545.webp 768w, https:\/\/flypark.ee\/wp-content\/uploads\/2025\/06\/\u0410\u043b\u0435\u043a\u0441\u0430\u043d\u0434\u0440_Kinkekaart_\u041f\u043e\u0434\u0430\u0440\u043e\u0447\u043d\u0430\u044f-\u043a\u0430\u0440\u0442\u0430_\u04306_4-4_\u043b\u0438\u0446\u043e_\u043f\u0440\u0435\u0432\u044c\u044e-768x547-1-300x213.webp 300w, https:\/\/flypark.ee\/wp-content\/uploads\/2025\/06\/\u0410\u043b\u0435\u043a\u0441\u0430\u043d\u0434\u0440_Kinkekaart_\u041f\u043e\u0434\u0430\u0440\u043e\u0447\u043d\u0430\u044f-\u043a\u0430\u0440\u0442\u0430_\u04306_4-4_\u043b\u0438\u0446\u043e_\u043f\u0440\u0435\u0432\u044c\u044e-768x547-1-1024x726.webp 1024w, https:\/\/flypark.ee\/wp-content\/uploads\/2025\/06\/\u0410\u043b\u0435\u043a\u0441\u0430\u043d\u0434\u0440_Kinkekaart_\u041f\u043e\u0434\u0430\u0440\u043e\u0447\u043d\u0430\u044f-\u043a\u0430\u0440\u0442\u0430_\u04306_4-4_\u043b\u0438\u0446\u043e_\u043f\u0440\u0435\u0432\u044c\u044e-768x547-1-1536x1090.webp 1536w, https:\/\/flypark.ee\/wp-content\/uploads\/2025\/06\/\u0410\u043b\u0435\u043a\u0441\u0430\u043d\u0434\u0440_Kinkekaart_\u041f\u043e\u0434\u0430\u0440\u043e\u0447\u043d\u0430\u044f-\u043a\u0430\u0440\u0442\u0430_\u04306_4-4_\u043b\u0438\u0446\u043e_\u043f\u0440\u0435\u0432\u044c\u044e-768x547-1-18x12.webp 18w, https:\/\/flypark.ee\/wp-content\/uploads\/2025\/06\/\u0410\u043b\u0435\u043a\u0441\u0430\u043d\u0434\u0440_Kinkekaart_\u041f\u043e\u0434\u0430\u0440\u043e\u0447\u043d\u0430\u044f-\u043a\u0430\u0440\u0442\u0430_\u04306_4-4_\u043b\u0438\u0446\u043e_\u043f\u0440\u0435\u0432\u044c\u044e-768x547-1-100x71.webp 100w, https:\/\/flypark.ee\/wp-content\/uploads\/2025\/06\/\u0410\u043b\u0435\u043a\u0441\u0430\u043d\u0434\u0440_Kinkekaart_\u041f\u043e\u0434\u0430\u0440\u043e\u0447\u043d\u0430\u044f-\u043a\u0430\u0440\u0442\u0430_\u04306_4-4_\u043b\u0438\u0446\u043e_\u043f\u0440\u0435\u0432\u044c\u044e-768x547-1-150x106.webp 150w, https:\/\/flypark.ee\/wp-content\/uploads\/2025\/06\/\u0410\u043b\u0435\u043a\u0441\u0430\u043d\u0434\u0440_Kinkekaart_\u041f\u043e\u0434\u0430\u0440\u043e\u0447\u043d\u0430\u044f-\u043a\u0430\u0440\u0442\u0430_\u04306_4-4_\u043b\u0438\u0446\u043e_\u043f\u0440\u0435\u0432\u044c\u044e-768x547-1-200x142.webp 200w, https:\/\/flypark.ee\/wp-content\/uploads\/2025\/06\/\u0410\u043b\u0435\u043a\u0441\u0430\u043d\u0434\u0440_Kinkekaart_\u041f\u043e\u0434\u0430\u0440\u043e\u0447\u043d\u0430\u044f-\u043a\u0430\u0440\u0442\u0430_\u04306_4-4_\u043b\u0438\u0446\u043e_\u043f\u0440\u0435\u0432\u044c\u044e-768x547-1-450x319.webp 450w, https:\/\/flypark.ee\/wp-content\/uploads\/2025\/06\/\u0410\u043b\u0435\u043a\u0441\u0430\u043d\u0434\u0440_Kinkekaart_\u041f\u043e\u0434\u0430\u0440\u043e\u0447\u043d\u0430\u044f-\u043a\u0430\u0440\u0442\u0430_\u04306_4-4_\u043b\u0438\u0446\u043e_\u043f\u0440\u0435\u0432\u044c\u044e-768x547-1-600x426.webp 600w, https:\/\/flypark.ee\/wp-content\/uploads\/2025\/06\/\u0410\u043b\u0435\u043a\u0441\u0430\u043d\u0434\u0440_Kinkekaart_\u041f\u043e\u0434\u0430\u0440\u043e\u0447\u043d\u0430\u044f-\u043a\u0430\u0440\u0442\u0430_\u04306_4-4_\u043b\u0438\u0446\u043e_\u043f\u0440\u0435\u0432\u044c\u044e-768x547-1-900x638.jpg 900w, https:\/\/flypark.ee\/wp-content\/uploads\/2025\/06\/\u0410\u043b\u0435\u043a\u0441\u0430\u043d\u0434\u0440_Kinkekaart_\u041f\u043e\u0434\u0430\u0440\u043e\u0447\u043d\u0430\u044f-\u043a\u0430\u0440\u0442\u0430_\u04306_4-4_\u043b\u0438\u0446\u043e_\u043f\u0440\u0435\u0432\u044c\u044e-768x547-1.webp 1748w\" sizes=\"(max-width: 752px) 100vw, 752px\" \/>\t\t\t\t\t\t\t\t\t\t\t\t\t\t\t<\/div>\n\t\t\t\t<\/div>\n\t\t\t\t<div class=\"elementor-element elementor-element-2f2474f elementor-align-center elementor-widget elementor-widget-button\" data-id=\"2f2474f\" data-element_type=\"widget\" data-e-type=\"widget\" data-widget_type=\"button.default\">\n\t\t\t\t<div class=\"elementor-widget-container\">\n\t\t\t\t\t\t\t\t\t<div class=\"elementor-button-wrapper\">\n\t\t\t\t\t<a class=\"elementor-button elementor-button-link elementor-size-sm\" href=\"http:\/\/flypark.ee\/ru\/shop\/?add-to-cart=2315\">\n\t\t\t\t\t\t<span class=\"elementor-button-content-wrapper\">\n\t\t\t\t\t\t\t\t\t<span class=\"elementor-button-text\">\u041a\u0423\u041f\u0418\u0422\u042c<\/span>\n\t\t\t\t\t<\/span>\n\t\t\t\t\t<\/a>\n\t\t\t\t<\/div>\n\t\t\t\t\t\t\t\t<\/div>\n\t\t\t\t<\/div>\n\t\t\t\t<div class=\"elementor-element elementor-element-d941601 elementor-widget elementor-widget-text-editor\" data-id=\"d941601\" data-element_type=\"widget\" data-e-type=\"widget\" data-widget_type=\"text-editor.default\">\n\t\t\t\t<div class=\"elementor-widget-container\">\n\t\t\t\t\t\t\t\t\t<p>\u2014 \u041f\u043e\u043b\u0451\u0442 \u043d\u0430 \u043f\u0430\u0440\u0430\u043f\u043b\u0430\u043d\u0435 \u0432 \u0442\u0430\u043d\u0434\u0435\u043c\u0435 \u2014 \u043f\u0440\u0435\u043a\u0440\u0430\u0441\u043d\u043e\u0435\n\u043f\u0440\u0438\u043a\u043b\u044e\u0447\u0435\u043d\u0438\u0435 \u0434\u043b\u044f \u043b\u044e\u0431\u0438\u0442\u0435\u043b\u0435\u0439 \u044d\u043a\u0441\u0442\u0440\u0438\u043c\u0430! \u0412\u0430\u0441\n\u0436\u0434\u0451\u0442 \u043d\u0435\u0431\u043e, \u043f\u0440\u0435\u043a\u0440\u0430\u0441\u043d\u044b\u0435 \u0432\u0438\u0434\u044b \u0441\n\u0433\u043e\u043b\u043e\u0432\u043e\u043a\u0440\u0443\u0436\u0438\u0442\u0435\u043b\u044c\u043d\u043e\u0439 \u0432\u044b\u0441\u043e\u0442\u044b \u0438 \u043e\u0449\u0443\u0449\u0435\u043d\u0438\u0435\n\u043f\u043e\u043b\u043d\u043e\u0439 \u0441\u0432\u043e\u0431\u043e\u0434\u044b. \u0412\u0440\u0435\u043c\u044f \u043f\u043e\u043b\u0451\u0442\u0430 \u043e\u043a\u043e\u043b\u043e 10\n\u043c\u0438\u043d\u0443\u0442, \u0437\u0430\u0432\u0438\u0441\u0438\u0442 \u043e\u0442 \u0432\u0435\u0441\u0430 \u043f\u0430\u0441\u0441\u0430\u0436\u0438\u0440\u0430 \u0438\n\u043f\u043e\u0433\u043e\u0434\u043d\u044b\u0445 \u0443\u0441\u043b\u043e\u0432\u0438\u0439.<\/p><p>\u2014 \u041f\u043e\u0434\u0430\u0440\u043e\u0447\u043d\u0430\u044f \u043a\u0430\u0440\u0442\u0430 \u0444\u043e\u0440\u043c\u0430\u0442\u0430 \u04106, \u0434\u043e\u0441\u0442\u0430\u0432\u043a\u0430\n\u0447\u0435\u0440\u0435\u0437 Omniva, Itella.<\/p><p>\u0427\u0442\u043e \u0442\u0430\u043a\u043e\u0435 \u043f\u043e\u043b\u0451\u0442 \u0432 \u0442\u0430\u043d\u0434\u0435\u043c\u0435 \u0432\u044b \u043c\u043e\u0436\u0435\u0442\u0435\n\u043f\u0440\u043e\u0447\u0438\u0442\u0430\u0442\u044c \u0442\u0443\u0442:<a href=\"https:\/\/flypark.ee\/ru\/tandem\/\"> \u043f\u043e\u043b\u0451\u0442 \u0432 \u0442\u0430\u043d\u0434\u0435\u043c\u0435<\/a>.<\/p><p>\u2014 \u0426\u0435\u043d\u0430 <strong>54 \u0435\u0432\u0440\u043e<\/strong>.<\/p><p>\u0414\u043b\u044f \u0442\u043e\u0433\u043e \u0447\u0442\u043e\u0431\u044b \u0443\u0437\u043d\u0430\u0442\u044c \u043e \u043f\u0440\u0435\u0434\u0441\u0442\u043e\u044f\u0449\u0438\u0445 \u043f\u043e\u043b\u0451\u0442\u0430\u0445 \u0438 \u043d\u0430\u0447\u0430\u043b\u0435 \u0440\u0435\u0433\u0438\u0441\u0442\u0440\u0430\u0446\u0438\u0438 \u043e\u0431\u044f\u0437\u0430\u0442\u0435\u043b\u044c\u043d\u043e \u043f\u043e\u0434\u043f\u0438\u0448\u0438\u0442\u0435\u0441\u044c \u043d\u0430 \u0441\u0442\u0440\u0430\u043d\u0438\u0446\u0443 \u0432 facebook \u0438 \u0432\u0441\u0442\u0443\u043f\u0438\u0442\u0435 \u0432 \u043a\u0430\u043a\u0443\u044e-\u043d\u0438\u0431\u0443\u0434\u044c \u0438\u0437 \u0433\u0440\u0443\u043f\u043f \u0432 \u043c\u0435\u0441\u0441\u0435\u043d\u0434\u0436\u0435\u0440\u0430\u0445:<\/p>\t\t\t\t\t\t\t\t<\/div>\n\t\t\t\t<\/div>\n\t\t<div class=\"elementor-element elementor-element-8137e4d e-con-full e-flex rael-particle-no e-con e-child\" data-id=\"8137e4d\" data-element_type=\"container\" data-e-type=\"container\" data-settings=\"{&quot;rae_animations_entrance&quot;:&quot;none&quot;}\">\n\t\t\t\t<\/div>\n\t\t\t\t<div class=\"elementor-element elementor-element-86bf7e5 elementor-shape-square elementor-grid-0 e-grid-align-center elementor-widget elementor-widget-social-icons\" data-id=\"86bf7e5\" data-element_type=\"widget\" data-e-type=\"widget\" data-widget_type=\"social-icons.default\">\n\t\t\t\t<div class=\"elementor-widget-container\">\n\t\t\t\t\t\t\t<div class=\"elementor-social-icons-wrapper elementor-grid\" role=\"list\">\n\t\t\t\t\t\t\t<span class=\"elementor-grid-item\" role=\"listitem\">\n\t\t\t\t\t<a class=\"elementor-icon elementor-social-icon elementor-social-icon-facebook elementor-animation-grow elementor-repeater-item-2dc757f\" href=\"http:\/\/facebook.com\/flyparkest\" target=\"_blank\">\n\t\t\t\t\t\t<span class=\"elementor-screen-only\">Facebook<\/span>\n\t\t\t\t\t\t<i aria-hidden=\"true\" class=\"fab fa-facebook\"><\/i>\t\t\t\t\t<\/a>\n\t\t\t\t<\/span>\n\t\t\t\t\t\t\t<span class=\"elementor-grid-item\" role=\"listitem\">\n\t\t\t\t\t<a class=\"elementor-icon elementor-social-icon elementor-social-icon-telegram elementor-animation-grow elementor-repeater-item-27abc82\" href=\"https:\/\/t.me\/+F4EhFeiGsSk3ZWJk\" target=\"_blank\">\n\t\t\t\t\t\t<span class=\"elementor-screen-only\">Telegram<\/span>\n\t\t\t\t\t\t<i aria-hidden=\"true\" class=\"fab fa-telegram\"><\/i>\t\t\t\t\t<\/a>\n\t\t\t\t<\/span>\n\t\t\t\t\t\t\t<span class=\"elementor-grid-item\" role=\"listitem\">\n\t\t\t\t\t<a class=\"elementor-icon elementor-social-icon elementor-social-icon-whatsapp elementor-animation-grow elementor-repeater-item-2a06f8e\" href=\"https:\/\/chat.whatsapp.com\/HJ5K3KHs7JLIIm7htiUBS0\" target=\"_blank\">\n\t\t\t\t\t\t<span class=\"elementor-screen-only\">Whatsapp<\/span>\n\t\t\t\t\t\t<i aria-hidden=\"true\" class=\"fab fa-whatsapp\"><\/i>\t\t\t\t\t<\/a>\n\t\t\t\t<\/span>\n\t\t\t\t\t\t\t<span class=\"elementor-grid-item\" role=\"listitem\">\n\t\t\t\t\t<a class=\"elementor-icon elementor-social-icon elementor-social-icon-viber elementor-animation-grow elementor-repeater-item-13ca19d\" href=\"https:\/\/invite.viber.com\/?g=MF8w62G2m1BGhnZjqPITUVQFTUmNrSa7\" target=\"_blank\">\n\t\t\t\t\t\t<span class=\"elementor-screen-only\">Viber<\/span>\n\t\t\t\t\t\t<i aria-hidden=\"true\" class=\"fab fa-viber\"><\/i>\t\t\t\t\t<\/a>\n\t\t\t\t<\/span>\n\t\t\t\t\t<\/div>\n\t\t\t\t\t\t<\/div>\n\t\t\t\t<\/div>\n\t\t\t\t<div class=\"elementor-element elementor-element-b283047 elementor-widget elementor-widget-image\" data-id=\"b283047\" data-element_type=\"widget\" data-e-type=\"widget\" data-widget_type=\"image.default\">\n\t\t\t\t<div class=\"elementor-widget-container\">\n\t\t\t\t\t\t\t\t\t\t\t\t\t\t\t<img decoding=\"async\" src=\"https:\/\/flypark.ee\/wp-content\/uploads\/2023\/10\/soc1.jpg\" title=\"soc1\" alt=\"soc1\" loading=\"lazy\" \/>\t\t\t\t\t\t\t\t\t\t\t\t\t\t\t<\/div>\n\t\t\t\t<\/div>\n\t\t\t\t\t<\/div>\n\t\t\t\t<\/div>\n\t\t\t\t\t<\/div>\n\t\t<\/div>\n\t\t\t\t<div class=\"elementor-column elementor-col-50 elementor-top-column elementor-element elementor-element-244608dc rael-particle-no\" data-id=\"244608dc\" data-element_type=\"column\" data-e-type=\"column\">\n\t\t\t<div class=\"elementor-widget-wrap elementor-element-populated\">\n\t\t\t\t\t\t<section class=\"elementor-section elementor-inner-section elementor-element elementor-element-10de3a12 elementor-section-boxed elementor-section-height-default elementor-section-height-default rael-particle-no\" data-id=\"10de3a12\" data-element_type=\"section\" data-e-type=\"section\" data-settings=\"{&quot;rae_animations_entrance&quot;:&quot;none&quot;}\">\n\t\t\t\t\t\t<div class=\"elementor-container elementor-column-gap-default\">\n\t\t\t\t\t<div class=\"elementor-column elementor-col-100 elementor-inner-column elementor-element elementor-element-77e01645 rael-particle-no\" data-id=\"77e01645\" data-element_type=\"column\" data-e-type=\"column\">\n\t\t\t<div class=\"elementor-widget-wrap elementor-element-populated\">\n\t\t\t\t\t\t<div class=\"elementor-element elementor-element-4597be13 elementor-widget elementor-widget-image\" data-id=\"4597be13\" data-element_type=\"widget\" data-e-type=\"widget\" data-widget_type=\"image.default\">\n\t\t\t\t<div class=\"elementor-widget-container\">\n\t\t\t\t\t\t\t\t\t\t\t\t\t\t\t<img decoding=\"async\" width=\"300\" height=\"300\" src=\"https:\/\/flypark.ee\/wp-content\/uploads\/2023\/09\/enzo_512x512-300x300.webp\" class=\"attachment-medium size-medium wp-image-773\" alt=\"\" srcset=\"https:\/\/flypark.ee\/wp-content\/uploads\/2023\/09\/enzo_512x512-300x300.webp 300w, https:\/\/flypark.ee\/wp-content\/uploads\/2023\/09\/enzo_512x512-100x100.webp 100w, https:\/\/flypark.ee\/wp-content\/uploads\/2023\/09\/enzo_512x512-150x150.webp 150w, https:\/\/flypark.ee\/wp-content\/uploads\/2023\/09\/enzo_512x512-200x200.webp 200w, https:\/\/flypark.ee\/wp-content\/uploads\/2023\/09\/enzo_512x512-450x450.webp 450w, https:\/\/flypark.ee\/wp-content\/uploads\/2023\/09\/enzo_512x512.webp 512w\" sizes=\"(max-width: 300px) 100vw, 300px\" \/>\t\t\t\t\t\t\t\t\t\t\t\t\t\t\t<\/div>\n\t\t\t\t<\/div>\n\t\t\t\t<div class=\"elementor-element elementor-element-6fab5c49 elementor-widget elementor-widget-text-editor\" data-id=\"6fab5c49\" data-element_type=\"widget\" data-e-type=\"widget\" data-widget_type=\"text-editor.default\">\n\t\t\t\t<div class=\"elementor-widget-container\">\n\t\t\t\t\t\t\t\t\t<div class=\"responsive-block-editor-addons-team-description\"><p class=\"translation-block\">\u041f\u0430\u0440\u0430\u043f\u043b\u0430\u043d \u2013 \u044d\u0442\u043e \u0441\u0432\u0435\u0440\u0445\u043b\u0451\u0433\u043a\u0438\u0439\n\u043b\u0435\u0442\u0430\u0442\u0435\u043b\u044c\u043d\u044b\u0439 \u0430\u043f\u043f\u0430\u0440\u0430\u0442 \u0438 \u043d\u0435\u0441\u043c\u043e\u0442\u0440\u044f \u043d\u0430\n\u043e\u0442\u0441\u0443\u0442\u0441\u0442\u0432\u0438\u0435 \u0434\u0432\u0438\u0433\u0430\u0442\u0435\u043b\u044f \u043d\u0430 \u043d\u0451\u043c \u043c\u043e\u0436\u043d\u043e\n\u043b\u0435\u0442\u0430\u0442\u044c \u0447\u0430\u0441\u0430\u043c\u0438, \u043f\u0440\u0435\u043e\u0434\u043e\u043b\u0435\u0432\u0430\u044f \u0434\u0435\u0441\u044f\u0442\u043a\u0438 \u0438\n\u0434\u0430\u0436\u0435 \u0441\u043e\u0442\u043d\u0438 \u043a\u0438\u043b\u043e\u043c\u0435\u0442\u0440\u043e\u0432. \u0416\u043c\u0438 \u043a\u043d\u043e\u043f\u043a\u0443\n\u0447\u0442\u043e\u0431\u044b \u0443\u0437\u043d\u0430\u0442\u044c \u0431\u043e\u043b\u044c\u0448\u0435 \u0438 \u043f\u043e\u0441\u043c\u043e\u0442\u0440\u0435\u0442\u044c\n\u0432\u0438\u0434\u0435\u043e!<\/p><\/div>\t\t\t\t\t\t\t\t<\/div>\n\t\t\t\t<\/div>\n\t\t\t\t<div class=\"elementor-element elementor-element-480de7ca elementor-align-center elementor-widget elementor-widget-button\" data-id=\"480de7ca\" data-element_type=\"widget\" data-e-type=\"widget\" data-widget_type=\"button.default\">\n\t\t\t\t<div class=\"elementor-widget-container\">\n\t\t\t\t\t\t\t\t\t<div class=\"elementor-button-wrapper\">\n\t\t\t\t\t<a class=\"elementor-button elementor-button-link elementor-size-sm\" href=\"http:\/\/flypark.ee\/ru\/about\/\">\n\t\t\t\t\t\t<span class=\"elementor-button-content-wrapper\">\n\t\t\t\t\t\t\t\t\t<span class=\"elementor-button-text\">\u041f\u041e\u0414\u0420\u041e\u0411\u041d\u0415\u0415<\/span>\n\t\t\t\t\t<\/span>\n\t\t\t\t\t<\/a>\n\t\t\t\t<\/div>\n\t\t\t\t\t\t\t\t<\/div>\n\t\t\t\t<\/div>\n\t\t<div class=\"elementor-element elementor-element-656ed99c e-flex e-con-boxed rael-particle-no e-con e-parent\" data-id=\"656ed99c\" data-element_type=\"container\" data-e-type=\"container\" data-settings=\"{&quot;rae_animations_entrance&quot;:&quot;none&quot;}\">\n\t\t\t\t\t<div class=\"e-con-inner\">\n\t\t\t\t<div class=\"elementor-element elementor-element-41c0dbba elementor-shape-square elementor-grid-0 e-grid-align-center elementor-widget elementor-widget-social-icons\" data-id=\"41c0dbba\" data-element_type=\"widget\" data-e-type=\"widget\" data-widget_type=\"social-icons.default\">\n\t\t\t\t<div class=\"elementor-widget-container\">\n\t\t\t\t\t\t\t<div class=\"elementor-social-icons-wrapper elementor-grid\" role=\"list\">\n\t\t\t\t\t\t\t<span class=\"elementor-grid-item\" role=\"listitem\">\n\t\t\t\t\t<a class=\"elementor-icon elementor-social-icon elementor-social-icon-facebook elementor-animation-grow elementor-repeater-item-2dc757f\" href=\"http:\/\/facebook.com\/flyparkest\" target=\"_blank\">\n\t\t\t\t\t\t<span class=\"elementor-screen-only\">Facebook<\/span>\n\t\t\t\t\t\t<i aria-hidden=\"true\" class=\"fab fa-facebook\"><\/i>\t\t\t\t\t<\/a>\n\t\t\t\t<\/span>\n\t\t\t\t\t\t\t<span class=\"elementor-grid-item\" role=\"listitem\">\n\t\t\t\t\t<a class=\"elementor-icon elementor-social-icon elementor-social-icon-youtube elementor-animation-grow elementor-repeater-item-7560c46\" href=\"https:\/\/www.youtube.com\/@flyparkest\" target=\"_blank\">\n\t\t\t\t\t\t<span class=\"elementor-screen-only\">Youtube<\/span>\n\t\t\t\t\t\t<i aria-hidden=\"true\" class=\"fab fa-youtube\"><\/i>\t\t\t\t\t<\/a>\n\t\t\t\t<\/span>\n\t\t\t\t\t\t\t<span class=\"elementor-grid-item\" role=\"listitem\">\n\t\t\t\t\t<a class=\"elementor-icon elementor-social-icon elementor-social-icon-instagram elementor-animation-grow elementor-repeater-item-b48ff1d\" href=\"https:\/\/www.instagram.com\/lend_paraplaaniga\/\" target=\"_blank\">\n\t\t\t\t\t\t<span class=\"elementor-screen-only\">Instagram<\/span>\n\t\t\t\t\t\t<i aria-hidden=\"true\" class=\"fab fa-instagram\"><\/i>\t\t\t\t\t<\/a>\n\t\t\t\t<\/span>\n\t\t\t\t\t\t\t<span class=\"elementor-grid-item\" role=\"listitem\">\n\t\t\t\t\t<a class=\"elementor-icon elementor-social-icon elementor-social-icon-tiktok elementor-animation-grow elementor-repeater-item-74ab1e8\" href=\"https:\/\/www.tiktok.com\/@flyparkest?_t=8iF2NBZcrC5&#038;_r=1\" target=\"_blank\">\n\t\t\t\t\t\t<span class=\"elementor-screen-only\">Tiktok<\/span>\n\t\t\t\t\t\t<i aria-hidden=\"true\" class=\"fab fa-tiktok\"><\/i>\t\t\t\t\t<\/a>\n\t\t\t\t<\/span>\n\t\t\t\t\t<\/div>\n\t\t\t\t\t\t<\/div>\n\t\t\t\t<\/div>\n\t\t\t\t\t<\/div>\n\t\t\t\t<\/div>\n\t\t\t\t\t<\/div>\n\t\t<\/div>\n\t\t\t\t\t<\/div>\n\t\t<\/section>\n\t\t\t\t\t<\/div>\n\t\t<\/div>\n\t\t\t\t\t<\/div>\n\t\t<\/section>\n\t\t\t\t<\/div>","protected":false},"excerpt":{"rendered":"<p>KINKEKAART OSTA &#8212; Tandemvarjulend on suurep\u00e4rane seiklus ekstreemspordihuvilistele! Sind ootab taevas, kaunid vaated peadp\u00f6\u00f6ritavalt k\u00f5rguselt ja t\u00e4ieliku vabaduse tunne. Lennuaeg on umbes 10 minutit, olenevalt reisija kaalust ja ilmastikutingimustest. &#8212; Kinkekaart on A6 formaadis, kohale toimetamine on v\u00f5imalik l\u00e4bi Omniva, &hellip;<\/p>\n<p class=\"read-more\"> <a class=\"more-link\" href=\"https:\/\/flypark.ee\/ru\/kinkekaart\/\"> <span class=\"screen-reader-text\">\u041f\u043e\u0434\u0430\u0440\u043e\u0447\u043d\u0430\u044f \u043a\u0430\u0440\u0442\u0430<\/span> \u0427\u0438\u0442\u0430\u0442\u044c \u0434\u0430\u043b\u0435\u0435 &raquo;<\/a><\/p>","protected":false},"author":1,"featured_media":0,"parent":0,"menu_order":0,"comment_status":"closed","ping_status":"closed","template":"elementor_header_footer","meta":{"_monsterinsights_skip_tracking":false,"_monsterinsights_sitenote_active":false,"_monsterinsights_sitenote_note":"","_monsterinsights_sitenote_category":0,"footnotes":""},"class_list":["post-1612","page","type-page","status-publish","hentry"],"aioseo_notices":[],"_links":{"self":[{"href":"https:\/\/flypark.ee\/ru\/wp-json\/wp\/v2\/pages\/1612","targetHints":{"allow":["GET"]}}],"collection":[{"href":"https:\/\/flypark.ee\/ru\/wp-json\/wp\/v2\/pages"}],"about":[{"href":"https:\/\/flypark.ee\/ru\/wp-json\/wp\/v2\/types\/page"}],"author":[{"embeddable":true,"href":"https:\/\/flypark.ee\/ru\/wp-json\/wp\/v2\/users\/1"}],"replies":[{"embeddable":true,"href":"https:\/\/flypark.ee\/ru\/wp-json\/wp\/v2\/comments?post=1612"}],"version-history":[{"count":103,"href":"https:\/\/flypark.ee\/ru\/wp-json\/wp\/v2\/pages\/1612\/revisions"}],"predecessor-version":[{"id":3440,"href":"https:\/\/flypark.ee\/ru\/wp-json\/wp\/v2\/pages\/1612\/revisions\/3440"}],"wp:attachment":[{"href":"https:\/\/flypark.ee\/ru\/wp-json\/wp\/v2\/media?parent=1612"}],"curies":[{"name":"wp","href":"https:\/\/api.w.org\/{rel}","templated":true}]}}