{"id":3110,"date":"2024-10-03T17:09:15","date_gmt":"2024-10-03T14:09:15","guid":{"rendered":"https:\/\/flypark.ee\/?page_id=3110"},"modified":"2025-06-13T13:57:55","modified_gmt":"2025-06-13T10:57:55","slug":"elementor-3110","status":"publish","type":"page","link":"https:\/\/flypark.ee\/ru\/elementor-3110\/","title":{"rendered":"Elementor #3110"},"content":{"rendered":"<div data-elementor-type=\"wp-post\" data-elementor-id=\"3110\" class=\"elementor elementor-3110\">\n\t\t\t\t\t\t<section class=\"elementor-section elementor-top-section elementor-element elementor-element-c8c9452 elementor-section-boxed elementor-section-height-default elementor-section-height-default rael-particle-no\" data-id=\"c8c9452\" data-element_type=\"section\" data-e-type=\"section\" data-settings=\"{&quot;background_background&quot;:&quot;classic&quot;,&quot;rae_animations_entrance&quot;:&quot;none&quot;}\">\n\t\t\t\t\t\t\t<div class=\"elementor-background-overlay\"><\/div>\n\t\t\t\t\t\t\t<div class=\"elementor-container elementor-column-gap-default\">\n\t\t\t\t\t<div class=\"elementor-column elementor-col-100 elementor-top-column elementor-element elementor-element-4cee0127 rael-particle-no\" data-id=\"4cee0127\" data-element_type=\"column\" data-e-type=\"column\">\n\t\t\t<div class=\"elementor-widget-wrap elementor-element-populated\">\n\t\t\t\t\t\t<div class=\"elementor-element elementor-element-587a91e3 elementor-widget elementor-widget-heading\" data-id=\"587a91e3\" data-element_type=\"widget\" data-e-type=\"widget\" data-widget_type=\"heading.default\">\n\t\t\t\t<div class=\"elementor-widget-container\">\n\t\t\t\t\t<h2 class=\"elementor-heading-title elementor-size-default\">\u041f\u041e\u041b\u0401\u0422\u042b \u041d\u0410 \u041f\u0410\u0420\u0410\u041f\u041b\u0410\u041d\u0415<\/h2>\t\t\t\t<\/div>\n\t\t\t\t<\/div>\n\t\t\t\t<div class=\"elementor-element elementor-element-53e78fa4 elementor-widget elementor-widget-text-editor\" data-id=\"53e78fa4\" data-element_type=\"widget\" data-e-type=\"widget\" data-widget_type=\"text-editor.default\">\n\t\t\t\t<div class=\"elementor-widget-container\">\n\t\t\t\t\t\t\t\t\t<p>\u0425\u041e\u0427\u0415\u0428\u042c \u041f\u041e\u041b\u0415\u0422\u0410\u0422\u042c \u041d\u0410 \u041f\u0410\u0420\u0410\u041f\u041b\u0410\u041d\u0415 \u0412 \u0422\u0410\u041d\u0414\u0415\u041c\u0415? \u0420\u0415\u0413\u0418\u0421\u0422\u0420\u0418\u0420\u0423\u0419\u0421\u042f!<\/p>\t\t\t\t\t\t\t\t<\/div>\n\t\t\t\t<\/div>\n\t\t\t\t<div class=\"elementor-element elementor-element-519f3eac elementor-align-center elementor-widget elementor-widget-button\" data-id=\"519f3eac\" data-element_type=\"widget\" data-e-type=\"widget\" data-widget_type=\"button.default\">\n\t\t\t\t<div class=\"elementor-widget-container\">\n\t\t\t\t\t\t\t\t\t<div class=\"elementor-button-wrapper\">\n\t\t\t\t\t<a class=\"elementor-button elementor-button-link elementor-size-sm\" href=\"http:\/\/flypark.ee\/ru\/registration\/\">\n\t\t\t\t\t\t<span class=\"elementor-button-content-wrapper\">\n\t\t\t\t\t\t\t\t\t<span class=\"elementor-button-text\">\u0420\u0415\u0413\u0418\u0421\u0422\u0420\u0410\u0426\u0418\u042f \u041d\u0410 \u041f\u041e\u041b\u0401\u0422<\/span>\n\t\t\t\t\t<\/span>\n\t\t\t\t\t<\/a>\n\t\t\t\t<\/div>\n\t\t\t\t\t\t\t\t<\/div>\n\t\t\t\t<\/div>\n\t\t\t\t\t<\/div>\n\t\t<\/div>\n\t\t\t\t\t<\/div>\n\t\t<\/section>\n\t\t\t\t<section class=\"elementor-section elementor-top-section elementor-element elementor-element-72120f37 elementor-section-boxed elementor-section-height-default elementor-section-height-default rael-particle-no\" data-id=\"72120f37\" data-element_type=\"section\" data-e-type=\"section\" data-settings=\"{&quot;background_background&quot;:&quot;classic&quot;,&quot;rae_animations_entrance&quot;:&quot;none&quot;}\">\n\t\t\t\t\t\t<div class=\"elementor-container elementor-column-gap-default\">\n\t\t\t\t\t<div class=\"elementor-column elementor-col-50 elementor-top-column elementor-element elementor-element-43567626 rael-particle-no\" data-id=\"43567626\" data-element_type=\"column\" data-e-type=\"column\">\n\t\t\t<div class=\"elementor-widget-wrap elementor-element-populated\">\n\t\t\t\t<div class=\"elementor-element elementor-element-748b5257 e-con-full e-flex rael-particle-no e-con e-parent\" data-id=\"748b5257\" data-element_type=\"container\" data-e-type=\"container\" data-settings=\"{&quot;rae_animations_entrance&quot;:&quot;none&quot;}\">\n\t\t\t\t<div class=\"elementor-element elementor-element-5aca774c elementor-widget elementor-widget-image\" data-id=\"5aca774c\" data-element_type=\"widget\" data-e-type=\"widget\" data-widget_type=\"image.default\">\n\t\t\t\t<div class=\"elementor-widget-container\">\n\t\t\t\t\t\t\t\t\t\t\t\t\t\t\t<img fetchpriority=\"high\" decoding=\"async\" width=\"605\" height=\"454\" src=\"https:\/\/flypark.ee\/wp-content\/uploads\/2024\/03\/123-768x576.webp\" class=\"attachment-medium_large size-medium_large wp-image-2874\" alt=\"\" srcset=\"https:\/\/flypark.ee\/wp-content\/uploads\/2024\/03\/123-768x576.webp 768w, https:\/\/flypark.ee\/wp-content\/uploads\/2024\/03\/123-300x225.webp 300w, https:\/\/flypark.ee\/wp-content\/uploads\/2024\/03\/123-1024x768.webp 1024w, https:\/\/flypark.ee\/wp-content\/uploads\/2024\/03\/123-1536x1152.webp 1536w, https:\/\/flypark.ee\/wp-content\/uploads\/2024\/03\/123-16x12.webp 16w, https:\/\/flypark.ee\/wp-content\/uploads\/2024\/03\/123-100x75.webp 100w, https:\/\/flypark.ee\/wp-content\/uploads\/2024\/03\/123-150x113.webp 150w, https:\/\/flypark.ee\/wp-content\/uploads\/2024\/03\/123-200x150.webp 200w, https:\/\/flypark.ee\/wp-content\/uploads\/2024\/03\/123-450x338.webp 450w, https:\/\/flypark.ee\/wp-content\/uploads\/2024\/03\/123-600x450.webp 600w, https:\/\/flypark.ee\/wp-content\/uploads\/2024\/03\/123-900x675.webp 900w, https:\/\/flypark.ee\/wp-content\/uploads\/2024\/03\/123.webp 1920w\" sizes=\"(max-width: 605px) 100vw, 605px\" \/>\t\t\t\t\t\t\t\t\t\t\t\t\t\t\t<\/div>\n\t\t\t\t<\/div>\n\t\t\t\t<div class=\"elementor-element elementor-element-77324ac9 elementor-widget elementor-widget-text-editor\" data-id=\"77324ac9\" data-element_type=\"widget\" data-e-type=\"widget\" data-widget_type=\"text-editor.default\">\n\t\t\t\t<div class=\"elementor-widget-container\">\n\t\t\t\t\t\t\t\t\t<p>10.03.2024 \u043e\u0442\u043a\u0440\u044b\u043b\u0438 \u0441\u0435\u0437\u043e\u043d 2024.<\/p>\t\t\t\t\t\t\t\t<\/div>\n\t\t\t\t<\/div>\n\t\t\t\t<\/div>\n\t\t\t\t\t<\/div>\n\t\t<\/div>\n\t\t\t\t<div class=\"elementor-column elementor-col-50 elementor-top-column elementor-element elementor-element-669471e5 rael-particle-no\" data-id=\"669471e5\" data-element_type=\"column\" data-e-type=\"column\">\n\t\t\t<div class=\"elementor-widget-wrap elementor-element-populated\">\n\t\t\t\t\t\t<section class=\"elementor-section elementor-inner-section elementor-element elementor-element-2a322e69 elementor-section-boxed elementor-section-height-default elementor-section-height-default rael-particle-no\" data-id=\"2a322e69\" data-element_type=\"section\" data-e-type=\"section\" data-settings=\"{&quot;rae_animations_entrance&quot;:&quot;none&quot;}\">\n\t\t\t\t\t\t<div class=\"elementor-container elementor-column-gap-default\">\n\t\t\t\t\t<div class=\"elementor-column elementor-col-100 elementor-inner-column elementor-element elementor-element-57ce1af rael-particle-no\" data-id=\"57ce1af\" data-element_type=\"column\" data-e-type=\"column\">\n\t\t\t<div class=\"elementor-widget-wrap elementor-element-populated\">\n\t\t\t\t\t\t<div class=\"elementor-element elementor-element-7beb27c8 elementor-widget elementor-widget-image\" data-id=\"7beb27c8\" data-element_type=\"widget\" data-e-type=\"widget\" data-widget_type=\"image.default\">\n\t\t\t\t<div class=\"elementor-widget-container\">\n\t\t\t\t\t\t\t\t\t\t\t\t\t\t\t<img decoding=\"async\" width=\"300\" height=\"300\" src=\"https:\/\/flypark.ee\/wp-content\/uploads\/2023\/09\/enzo_512x512-300x300.webp\" class=\"attachment-medium size-medium wp-image-773\" alt=\"\" srcset=\"https:\/\/flypark.ee\/wp-content\/uploads\/2023\/09\/enzo_512x512-300x300.webp 300w, https:\/\/flypark.ee\/wp-content\/uploads\/2023\/09\/enzo_512x512-100x100.webp 100w, https:\/\/flypark.ee\/wp-content\/uploads\/2023\/09\/enzo_512x512-150x150.webp 150w, https:\/\/flypark.ee\/wp-content\/uploads\/2023\/09\/enzo_512x512-200x200.webp 200w, https:\/\/flypark.ee\/wp-content\/uploads\/2023\/09\/enzo_512x512-450x450.webp 450w, https:\/\/flypark.ee\/wp-content\/uploads\/2023\/09\/enzo_512x512.webp 512w\" sizes=\"(max-width: 300px) 100vw, 300px\" \/>\t\t\t\t\t\t\t\t\t\t\t\t\t\t\t<\/div>\n\t\t\t\t<\/div>\n\t\t\t\t<div class=\"elementor-element elementor-element-47839b8 elementor-widget elementor-widget-text-editor\" data-id=\"47839b8\" data-element_type=\"widget\" data-e-type=\"widget\" data-widget_type=\"text-editor.default\">\n\t\t\t\t<div class=\"elementor-widget-container\">\n\t\t\t\t\t\t\t\t\t<div class=\"responsive-block-editor-addons-team-description\"><p class=\"translation-block\">\u041f\u0430\u0440\u0430\u043f\u043b\u0430\u043d \u2013 \u044d\u0442\u043e \u0441\u0432\u0435\u0440\u0445\u043b\u0451\u0433\u043a\u0438\u0439\n\u043b\u0435\u0442\u0430\u0442\u0435\u043b\u044c\u043d\u044b\u0439 \u0430\u043f\u043f\u0430\u0440\u0430\u0442 \u0438 \u043d\u0435\u0441\u043c\u043e\u0442\u0440\u044f \u043d\u0430\n\u043e\u0442\u0441\u0443\u0442\u0441\u0442\u0432\u0438\u0435 \u0434\u0432\u0438\u0433\u0430\u0442\u0435\u043b\u044f \u043d\u0430 \u043d\u0451\u043c \u043c\u043e\u0436\u043d\u043e\n\u043b\u0435\u0442\u0430\u0442\u044c \u0447\u0430\u0441\u0430\u043c\u0438, \u043f\u0440\u0435\u043e\u0434\u043e\u043b\u0435\u0432\u0430\u044f \u0434\u0435\u0441\u044f\u0442\u043a\u0438 \u0438\n\u0434\u0430\u0436\u0435 \u0441\u043e\u0442\u043d\u0438 \u043a\u0438\u043b\u043e\u043c\u0435\u0442\u0440\u043e\u0432. \u0416\u043c\u0438 \u043a\u043d\u043e\u043f\u043a\u0443\n\u0447\u0442\u043e\u0431\u044b \u0443\u0437\u043d\u0430\u0442\u044c \u0431\u043e\u043b\u044c\u0448\u0435 \u0438 \u043f\u043e\u0441\u043c\u043e\u0442\u0440\u0435\u0442\u044c\n\u0432\u0438\u0434\u0435\u043e!<\/p><\/div><div class=\"responsive-block-editor-addons-team-social-icons-wrapper\">\u00a0<\/div>\t\t\t\t\t\t\t\t<\/div>\n\t\t\t\t<\/div>\n\t\t\t\t<div class=\"elementor-element elementor-element-5e055e75 elementor-align-center elementor-widget elementor-widget-button\" data-id=\"5e055e75\" data-element_type=\"widget\" data-e-type=\"widget\" data-widget_type=\"button.default\">\n\t\t\t\t<div class=\"elementor-widget-container\">\n\t\t\t\t\t\t\t\t\t<div class=\"elementor-button-wrapper\">\n\t\t\t\t\t<a class=\"elementor-button elementor-button-link elementor-size-sm\" href=\"http:\/\/flypark.ee\/ru\/about\/\">\n\t\t\t\t\t\t<span class=\"elementor-button-content-wrapper\">\n\t\t\t\t\t\t\t\t\t<span class=\"elementor-button-text\">\u041f\u041e\u0414\u0420\u041e\u0411\u041d\u0415\u0415<\/span>\n\t\t\t\t\t<\/span>\n\t\t\t\t\t<\/a>\n\t\t\t\t<\/div>\n\t\t\t\t\t\t\t\t<\/div>\n\t\t\t\t<\/div>\n\t\t<div class=\"elementor-element elementor-element-72103b29 e-flex e-con-boxed rael-particle-no e-con e-parent\" data-id=\"72103b29\" data-element_type=\"container\" data-e-type=\"container\" data-settings=\"{&quot;rae_animations_entrance&quot;:&quot;none&quot;}\">\n\t\t\t\t\t<div class=\"e-con-inner\">\n\t\t\t\t<div class=\"elementor-element elementor-element-574dd9da elementor-shape-square elementor-grid-0 e-grid-align-center elementor-widget elementor-widget-social-icons\" data-id=\"574dd9da\" data-element_type=\"widget\" data-e-type=\"widget\" data-widget_type=\"social-icons.default\">\n\t\t\t\t<div class=\"elementor-widget-container\">\n\t\t\t\t\t\t\t<div class=\"elementor-social-icons-wrapper elementor-grid\" role=\"list\">\n\t\t\t\t\t\t\t<span class=\"elementor-grid-item\" role=\"listitem\">\n\t\t\t\t\t<a class=\"elementor-icon elementor-social-icon elementor-social-icon-facebook elementor-animation-grow elementor-repeater-item-2dc757f\" href=\"http:\/\/facebook.com\/flyparkest\" target=\"_blank\">\n\t\t\t\t\t\t<span class=\"elementor-screen-only\">Facebook<\/span>\n\t\t\t\t\t\t<i aria-hidden=\"true\" class=\"fab fa-facebook\"><\/i>\t\t\t\t\t<\/a>\n\t\t\t\t<\/span>\n\t\t\t\t\t\t\t<span class=\"elementor-grid-item\" role=\"listitem\">\n\t\t\t\t\t<a class=\"elementor-icon elementor-social-icon elementor-social-icon-youtube elementor-animation-grow elementor-repeater-item-7560c46\" href=\"https:\/\/www.youtube.com\/@flyparkest\" target=\"_blank\">\n\t\t\t\t\t\t<span class=\"elementor-screen-only\">Youtube<\/span>\n\t\t\t\t\t\t<i aria-hidden=\"true\" class=\"fab fa-youtube\"><\/i>\t\t\t\t\t<\/a>\n\t\t\t\t<\/span>\n\t\t\t\t\t\t\t<span class=\"elementor-grid-item\" role=\"listitem\">\n\t\t\t\t\t<a class=\"elementor-icon elementor-social-icon elementor-social-icon-instagram elementor-animation-grow elementor-repeater-item-b48ff1d\" href=\"https:\/\/www.instagram.com\/lend_paraplaaniga\/\" target=\"_blank\">\n\t\t\t\t\t\t<span class=\"elementor-screen-only\">Instagram<\/span>\n\t\t\t\t\t\t<i aria-hidden=\"true\" class=\"fab fa-instagram\"><\/i>\t\t\t\t\t<\/a>\n\t\t\t\t<\/span>\n\t\t\t\t\t\t\t<span class=\"elementor-grid-item\" role=\"listitem\">\n\t\t\t\t\t<a class=\"elementor-icon elementor-social-icon elementor-social-icon-tiktok elementor-animation-grow elementor-repeater-item-105c977\" href=\"https:\/\/www.tiktok.com\/@flyparkest\" target=\"_blank\">\n\t\t\t\t\t\t<span class=\"elementor-screen-only\">Tiktok<\/span>\n\t\t\t\t\t\t<i aria-hidden=\"true\" class=\"fab fa-tiktok\"><\/i>\t\t\t\t\t<\/a>\n\t\t\t\t<\/span>\n\t\t\t\t\t<\/div>\n\t\t\t\t\t\t<\/div>\n\t\t\t\t<\/div>\n\t\t\t\t\t<\/div>\n\t\t\t\t<\/div>\n\t\t\t\t\t<\/div>\n\t\t<\/div>\n\t\t\t\t\t<\/div>\n\t\t<\/section>\n\t\t\t\t<section class=\"elementor-section elementor-inner-section elementor-element elementor-element-2b87ce57 elementor-section-boxed elementor-section-height-default elementor-section-height-default rael-particle-no\" data-id=\"2b87ce57\" data-element_type=\"section\" data-e-type=\"section\" data-settings=\"{&quot;rae_animations_entrance&quot;:&quot;none&quot;}\">\n\t\t\t\t\t\t<div class=\"elementor-container elementor-column-gap-default\">\n\t\t\t\t\t<div class=\"elementor-column elementor-col-100 elementor-inner-column elementor-element elementor-element-d990cee rael-particle-no\" data-id=\"d990cee\" data-element_type=\"column\" data-e-type=\"column\">\n\t\t\t<div class=\"elementor-widget-wrap elementor-element-populated\">\n\t\t\t\t\t\t<div class=\"elementor-element elementor-element-3f59aa19 elementor-widget elementor-widget-heading\" data-id=\"3f59aa19\" data-element_type=\"widget\" data-e-type=\"widget\" data-widget_type=\"heading.default\">\n\t\t\t\t<div class=\"elementor-widget-container\">\n\t\t\t\t\t<h2 class=\"elementor-heading-title elementor-size-default\">\u041f\u041e\u0414\u0410\u0420\u041e\u0427\u041d\u0410\u042f \u041a\u0410\u0420\u0422\u0410<\/h2>\t\t\t\t<\/div>\n\t\t\t\t<\/div>\n\t\t\t\t<div class=\"elementor-element elementor-element-71262310 elementor-widget elementor-widget-image\" data-id=\"71262310\" data-element_type=\"widget\" data-e-type=\"widget\" data-widget_type=\"image.default\">\n\t\t\t\t<div class=\"elementor-widget-container\">\n\t\t\t\t\t\t\t\t\t\t\t\t\t\t\t\t<a href=\"https:\/\/flypark.ee\/ru\/kinkekaart\/\">\n\t\t\t\t\t\t\t<img decoding=\"async\" width=\"605\" height=\"429\" src=\"https:\/\/flypark.ee\/wp-content\/uploads\/2025\/06\/\u0410\u043b\u0435\u043a\u0441\u0430\u043d\u0434\u0440_Kinkekaart_\u041f\u043e\u0434\u0430\u0440\u043e\u0447\u043d\u0430\u044f-\u043a\u0430\u0440\u0442\u0430_\u04306_4-4_\u043b\u0438\u0446\u043e_\u043f\u0440\u0435\u0432\u044c\u044e-768x547-1-1024x726.webp\" class=\"attachment-large size-large wp-image-3436\" alt=\"\" srcset=\"https:\/\/flypark.ee\/wp-content\/uploads\/2025\/06\/\u0410\u043b\u0435\u043a\u0441\u0430\u043d\u0434\u0440_Kinkekaart_\u041f\u043e\u0434\u0430\u0440\u043e\u0447\u043d\u0430\u044f-\u043a\u0430\u0440\u0442\u0430_\u04306_4-4_\u043b\u0438\u0446\u043e_\u043f\u0440\u0435\u0432\u044c\u044e-768x547-1-1024x726.webp 1024w, https:\/\/flypark.ee\/wp-content\/uploads\/2025\/06\/\u0410\u043b\u0435\u043a\u0441\u0430\u043d\u0434\u0440_Kinkekaart_\u041f\u043e\u0434\u0430\u0440\u043e\u0447\u043d\u0430\u044f-\u043a\u0430\u0440\u0442\u0430_\u04306_4-4_\u043b\u0438\u0446\u043e_\u043f\u0440\u0435\u0432\u044c\u044e-768x547-1-300x213.webp 300w, https:\/\/flypark.ee\/wp-content\/uploads\/2025\/06\/\u0410\u043b\u0435\u043a\u0441\u0430\u043d\u0434\u0440_Kinkekaart_\u041f\u043e\u0434\u0430\u0440\u043e\u0447\u043d\u0430\u044f-\u043a\u0430\u0440\u0442\u0430_\u04306_4-4_\u043b\u0438\u0446\u043e_\u043f\u0440\u0435\u0432\u044c\u044e-768x547-1-768x545.webp 768w, https:\/\/flypark.ee\/wp-content\/uploads\/2025\/06\/\u0410\u043b\u0435\u043a\u0441\u0430\u043d\u0434\u0440_Kinkekaart_\u041f\u043e\u0434\u0430\u0440\u043e\u0447\u043d\u0430\u044f-\u043a\u0430\u0440\u0442\u0430_\u04306_4-4_\u043b\u0438\u0446\u043e_\u043f\u0440\u0435\u0432\u044c\u044e-768x547-1-1536x1090.webp 1536w, https:\/\/flypark.ee\/wp-content\/uploads\/2025\/06\/\u0410\u043b\u0435\u043a\u0441\u0430\u043d\u0434\u0440_Kinkekaart_\u041f\u043e\u0434\u0430\u0440\u043e\u0447\u043d\u0430\u044f-\u043a\u0430\u0440\u0442\u0430_\u04306_4-4_\u043b\u0438\u0446\u043e_\u043f\u0440\u0435\u0432\u044c\u044e-768x547-1-18x12.webp 18w, https:\/\/flypark.ee\/wp-content\/uploads\/2025\/06\/\u0410\u043b\u0435\u043a\u0441\u0430\u043d\u0434\u0440_Kinkekaart_\u041f\u043e\u0434\u0430\u0440\u043e\u0447\u043d\u0430\u044f-\u043a\u0430\u0440\u0442\u0430_\u04306_4-4_\u043b\u0438\u0446\u043e_\u043f\u0440\u0435\u0432\u044c\u044e-768x547-1-100x71.webp 100w, https:\/\/flypark.ee\/wp-content\/uploads\/2025\/06\/\u0410\u043b\u0435\u043a\u0441\u0430\u043d\u0434\u0440_Kinkekaart_\u041f\u043e\u0434\u0430\u0440\u043e\u0447\u043d\u0430\u044f-\u043a\u0430\u0440\u0442\u0430_\u04306_4-4_\u043b\u0438\u0446\u043e_\u043f\u0440\u0435\u0432\u044c\u044e-768x547-1-150x106.webp 150w, https:\/\/flypark.ee\/wp-content\/uploads\/2025\/06\/\u0410\u043b\u0435\u043a\u0441\u0430\u043d\u0434\u0440_Kinkekaart_\u041f\u043e\u0434\u0430\u0440\u043e\u0447\u043d\u0430\u044f-\u043a\u0430\u0440\u0442\u0430_\u04306_4-4_\u043b\u0438\u0446\u043e_\u043f\u0440\u0435\u0432\u044c\u044e-768x547-1-200x142.webp 200w, https:\/\/flypark.ee\/wp-content\/uploads\/2025\/06\/\u0410\u043b\u0435\u043a\u0441\u0430\u043d\u0434\u0440_Kinkekaart_\u041f\u043e\u0434\u0430\u0440\u043e\u0447\u043d\u0430\u044f-\u043a\u0430\u0440\u0442\u0430_\u04306_4-4_\u043b\u0438\u0446\u043e_\u043f\u0440\u0435\u0432\u044c\u044e-768x547-1-450x319.webp 450w, https:\/\/flypark.ee\/wp-content\/uploads\/2025\/06\/\u0410\u043b\u0435\u043a\u0441\u0430\u043d\u0434\u0440_Kinkekaart_\u041f\u043e\u0434\u0430\u0440\u043e\u0447\u043d\u0430\u044f-\u043a\u0430\u0440\u0442\u0430_\u04306_4-4_\u043b\u0438\u0446\u043e_\u043f\u0440\u0435\u0432\u044c\u044e-768x547-1-600x426.webp 600w, https:\/\/flypark.ee\/wp-content\/uploads\/2025\/06\/\u0410\u043b\u0435\u043a\u0441\u0430\u043d\u0434\u0440_Kinkekaart_\u041f\u043e\u0434\u0430\u0440\u043e\u0447\u043d\u0430\u044f-\u043a\u0430\u0440\u0442\u0430_\u04306_4-4_\u043b\u0438\u0446\u043e_\u043f\u0440\u0435\u0432\u044c\u044e-768x547-1-900x638.jpg 900w, https:\/\/flypark.ee\/wp-content\/uploads\/2025\/06\/\u0410\u043b\u0435\u043a\u0441\u0430\u043d\u0434\u0440_Kinkekaart_\u041f\u043e\u0434\u0430\u0440\u043e\u0447\u043d\u0430\u044f-\u043a\u0430\u0440\u0442\u0430_\u04306_4-4_\u043b\u0438\u0446\u043e_\u043f\u0440\u0435\u0432\u044c\u044e-768x547-1.webp 1748w\" sizes=\"(max-width: 605px) 100vw, 605px\" \/>\t\t\t\t\t\t\t\t<\/a>\n\t\t\t\t\t\t\t\t\t\t\t\t\t\t\t<\/div>\n\t\t\t\t<\/div>\n\t\t\t\t\t<\/div>\n\t\t<\/div>\n\t\t\t\t\t<\/div>\n\t\t<\/section>\n\t\t\t\t<section class=\"elementor-section elementor-inner-section elementor-element elementor-element-3146cb62 elementor-section-boxed elementor-section-height-default elementor-section-height-default rael-particle-no\" data-id=\"3146cb62\" data-element_type=\"section\" data-e-type=\"section\" data-settings=\"{&quot;rae_animations_entrance&quot;:&quot;none&quot;}\">\n\t\t\t\t\t\t<div class=\"elementor-container elementor-column-gap-default\">\n\t\t\t\t\t<div class=\"elementor-column elementor-col-100 elementor-inner-column elementor-element elementor-element-1dd16303 rael-particle-no\" data-id=\"1dd16303\" data-element_type=\"column\" data-e-type=\"column\">\n\t\t\t<div class=\"elementor-widget-wrap elementor-element-populated\">\n\t\t\t\t\t\t<div class=\"elementor-element elementor-element-67531842 elementor-widget elementor-widget-heading\" data-id=\"67531842\" data-element_type=\"widget\" data-e-type=\"widget\" data-widget_type=\"heading.default\">\n\t\t\t\t<div class=\"elementor-widget-container\">\n\t\t\t\t\t<h2 class=\"elementor-heading-title elementor-size-default\">\u041c\u042b \u0412 \u041c\u0415\u0421\u0421\u0415\u041d\u0414\u0416\u0415\u0420\u0410\u0425<\/h2>\t\t\t\t<\/div>\n\t\t\t\t<\/div>\n\t\t\t\t<div class=\"elementor-element elementor-element-42eecbbd elementor-widget elementor-widget-text-editor\" data-id=\"42eecbbd\" data-element_type=\"widget\" data-e-type=\"widget\" data-widget_type=\"text-editor.default\">\n\t\t\t\t<div class=\"elementor-widget-container\">\n\t\t\t\t\t\t\t\t\t<div class=\"responsive-block-editor-addons-team-description\">\n<p>\u041e\u0431\u044f\u0437\u0430\u0442\u0435\u043b\u044c\u043d\u043e \u0432\u0441\u0442\u0443\u043f\u0438\u0442\u0435 \u0432 \u043a\u0430\u043a\u0443\u044e-\u043d\u0438\u0431\u0443\u0434\u044c \u0438\u0437 \u0433\u0440\u0443\u043f\u043f, \u0438 \u0431\u0443\u0434\u0435\u0442\u0435 \u0441\u0440\u0430\u0437\u0443 \u0443\u0437\u043d\u0430\u0432\u0430\u0442\u044c \u043e \u043f\u0440\u0435\u0434\u0441\u0442\u043e\u044f\u0449\u0438\u0445 \u043f\u043e\u043b\u0451\u0442\u0430\u0445 \u0438 \u043d\u0430\u0447\u0430\u043b\u0435 \u0440\u0435\u0433\u0438\u0441\u0442\u0440\u0430\u0446\u0438\u0438:<\/p>\n<\/div>\n<div class=\"responsive-block-editor-addons-team-social-icons-wrapper\">\u00a0<\/div>\t\t\t\t\t\t\t\t<\/div>\n\t\t\t\t<\/div>\n\t\t<div class=\"elementor-element elementor-element-7c5fb609 e-flex e-con-boxed rael-particle-no e-con e-parent\" data-id=\"7c5fb609\" data-element_type=\"container\" data-e-type=\"container\" data-settings=\"{&quot;rae_animations_entrance&quot;:&quot;none&quot;}\">\n\t\t\t\t\t<div class=\"e-con-inner\">\n\t\t\t\t<div class=\"elementor-element elementor-element-2577e486 elementor-shape-square elementor-grid-0 e-grid-align-center elementor-widget elementor-widget-social-icons\" data-id=\"2577e486\" data-element_type=\"widget\" data-e-type=\"widget\" data-widget_type=\"social-icons.default\">\n\t\t\t\t<div class=\"elementor-widget-container\">\n\t\t\t\t\t\t\t<div class=\"elementor-social-icons-wrapper elementor-grid\" role=\"list\">\n\t\t\t\t\t\t\t<span class=\"elementor-grid-item\" role=\"listitem\">\n\t\t\t\t\t<a class=\"elementor-icon elementor-social-icon elementor-social-icon-facebook elementor-animation-grow elementor-repeater-item-2dc757f\" href=\"http:\/\/facebook.com\/flyparkest\" target=\"_blank\">\n\t\t\t\t\t\t<span class=\"elementor-screen-only\">Facebook<\/span>\n\t\t\t\t\t\t<i aria-hidden=\"true\" class=\"fab fa-facebook\"><\/i>\t\t\t\t\t<\/a>\n\t\t\t\t<\/span>\n\t\t\t\t\t\t\t<span class=\"elementor-grid-item\" role=\"listitem\">\n\t\t\t\t\t<a class=\"elementor-icon elementor-social-icon elementor-social-icon-telegram elementor-animation-grow elementor-repeater-item-27abc82\" href=\"https:\/\/t.me\/+F4EhFeiGsSk3ZWJk\" target=\"_blank\">\n\t\t\t\t\t\t<span class=\"elementor-screen-only\">Telegram<\/span>\n\t\t\t\t\t\t<i aria-hidden=\"true\" class=\"fab fa-telegram\"><\/i>\t\t\t\t\t<\/a>\n\t\t\t\t<\/span>\n\t\t\t\t\t\t\t<span class=\"elementor-grid-item\" role=\"listitem\">\n\t\t\t\t\t<a class=\"elementor-icon elementor-social-icon elementor-social-icon-whatsapp elementor-animation-grow elementor-repeater-item-2a06f8e\" href=\"https:\/\/chat.whatsapp.com\/HJ5K3KHs7JLIIm7htiUBS0\" target=\"_blank\">\n\t\t\t\t\t\t<span class=\"elementor-screen-only\">Whatsapp<\/span>\n\t\t\t\t\t\t<i aria-hidden=\"true\" class=\"fab fa-whatsapp\"><\/i>\t\t\t\t\t<\/a>\n\t\t\t\t<\/span>\n\t\t\t\t\t\t\t<span class=\"elementor-grid-item\" role=\"listitem\">\n\t\t\t\t\t<a class=\"elementor-icon elementor-social-icon elementor-social-icon-viber elementor-animation-grow elementor-repeater-item-13ca19d\" href=\"https:\/\/invite.viber.com\/?g=MF8w62G2m1BGhnZjqPITUVQFTUmNrSa7\" target=\"_blank\">\n\t\t\t\t\t\t<span class=\"elementor-screen-only\">Viber<\/span>\n\t\t\t\t\t\t<i aria-hidden=\"true\" class=\"fab fa-viber\"><\/i>\t\t\t\t\t<\/a>\n\t\t\t\t<\/span>\n\t\t\t\t\t<\/div>\n\t\t\t\t\t\t<\/div>\n\t\t\t\t<\/div>\n\t\t\t\t\t<\/div>\n\t\t\t\t<\/div>\n\t\t\t\t<div class=\"elementor-element elementor-element-6c59a9ca elementor-widget elementor-widget-image\" data-id=\"6c59a9ca\" data-element_type=\"widget\" data-e-type=\"widget\" data-widget_type=\"image.default\">\n\t\t\t\t<div class=\"elementor-widget-container\">\n\t\t\t\t\t\t\t\t\t\t\t\t\t\t\t<img decoding=\"async\" src=\"https:\/\/flypark.ee\/wp-content\/uploads\/2023\/10\/soc2.jpg\" title=\"soc2\" alt=\"soc2\" loading=\"lazy\" \/>\t\t\t\t\t\t\t\t\t\t\t\t\t\t\t<\/div>\n\t\t\t\t<\/div>\n\t\t\t\t\t<\/div>\n\t\t<\/div>\n\t\t\t\t\t<\/div>\n\t\t<\/section>\n\t\t\t\t\t<\/div>\n\t\t<\/div>\n\t\t\t\t\t<\/div>\n\t\t<\/section>\n\t\t\t\t<\/div>","protected":false},"excerpt":{"rendered":"<p>LENNUD PARAPLAANIL KAS SOOVID LENNATA PARAPLAANIGA TANDEMLENNUS? REGISTREERU! LENNULE REGISTREERIMINE 10.03.2024 hooaeg on avatud! Paraplaan on \u00fclikerge lennuaparaat,vaatamata mootori puudumisele saabsellega lennata tunde, l\u00e4bides k\u00fcmneid jaisegi sadu kilomeetreid. Lisateabesaamiseks ja video vaatamiseks kl\u00f5psakenupule! \u00a0 VAATA Facebook Youtube Instagram Tiktok KINKEKAART &hellip;<\/p>\n<p class=\"read-more\"> <a class=\"more-link\" href=\"https:\/\/flypark.ee\/ru\/elementor-3110\/\"> <span class=\"screen-reader-text\">Elementor #3110<\/span> \u0427\u0438\u0442\u0430\u0442\u044c \u0434\u0430\u043b\u0435\u0435 &raquo;<\/a><\/p>","protected":false},"author":1,"featured_media":0,"parent":0,"menu_order":0,"comment_status":"closed","ping_status":"closed","template":"","meta":{"_monsterinsights_skip_tracking":false,"_monsterinsights_sitenote_active":false,"_monsterinsights_sitenote_note":"","_monsterinsights_sitenote_category":0,"footnotes":""},"class_list":["post-3110","page","type-page","status-publish","hentry"],"aioseo_notices":[],"_links":{"self":[{"href":"https:\/\/flypark.ee\/ru\/wp-json\/wp\/v2\/pages\/3110","targetHints":{"allow":["GET"]}}],"collection":[{"href":"https:\/\/flypark.ee\/ru\/wp-json\/wp\/v2\/pages"}],"about":[{"href":"https:\/\/flypark.ee\/ru\/wp-json\/wp\/v2\/types\/page"}],"author":[{"embeddable":true,"href":"https:\/\/flypark.ee\/ru\/wp-json\/wp\/v2\/users\/1"}],"replies":[{"embeddable":true,"href":"https:\/\/flypark.ee\/ru\/wp-json\/wp\/v2\/comments?post=3110"}],"version-history":[{"count":8,"href":"https:\/\/flypark.ee\/ru\/wp-json\/wp\/v2\/pages\/3110\/revisions"}],"predecessor-version":[{"id":3446,"href":"https:\/\/flypark.ee\/ru\/wp-json\/wp\/v2\/pages\/3110\/revisions\/3446"}],"wp:attachment":[{"href":"https:\/\/flypark.ee\/ru\/wp-json\/wp\/v2\/media?parent=3110"}],"curies":[{"name":"wp","href":"https:\/\/api.w.org\/{rel}","templated":true}]}}