{"id":68,"date":"2021-03-03T09:19:20","date_gmt":"2021-03-03T09:19:20","guid":{"rendered":"http:\/\/localhost\/wordpress2\/?page_id=68"},"modified":"2025-06-13T14:14:11","modified_gmt":"2025-06-13T11:14:11","slug":"pilot","status":"publish","type":"page","link":"https:\/\/flypark.ee\/ru\/pilot\/","title":{"rendered":"\u041f\u0438\u043b\u043e\u0442\u0443"},"content":{"rendered":"<div data-elementor-type=\"wp-page\" data-elementor-id=\"68\" class=\"elementor elementor-68\">\n\t\t\t\t\t\t<section class=\"elementor-section elementor-top-section elementor-element elementor-element-337b33dd elementor-section-boxed elementor-section-height-default elementor-section-height-default rael-particle-no\" data-id=\"337b33dd\" data-element_type=\"section\" data-e-type=\"section\" data-settings=\"{&quot;background_background&quot;:&quot;classic&quot;,&quot;rae_animations_entrance&quot;:&quot;none&quot;}\">\n\t\t\t\t\t\t<div class=\"elementor-container elementor-column-gap-default\">\n\t\t\t\t\t<div class=\"elementor-column elementor-col-50 elementor-top-column elementor-element elementor-element-c9b3cfd rael-particle-no\" data-id=\"c9b3cfd\" data-element_type=\"column\" data-e-type=\"column\">\n\t\t\t<div class=\"elementor-widget-wrap elementor-element-populated\">\n\t\t\t\t<div class=\"elementor-element elementor-element-2c08f8c e-flex e-con-boxed rael-particle-no e-con e-parent\" data-id=\"2c08f8c\" data-element_type=\"container\" data-e-type=\"container\" data-settings=\"{&quot;rae_animations_entrance&quot;:&quot;none&quot;}\">\n\t\t\t\t\t<div class=\"e-con-inner\">\n\t\t\t\t<div class=\"elementor-element elementor-element-dc3b782 elementor-widget elementor-widget-heading\" data-id=\"dc3b782\" data-element_type=\"widget\" data-e-type=\"widget\" data-widget_type=\"heading.default\">\n\t\t\t\t<div class=\"elementor-widget-container\">\n\t\t\t\t\t<h2 class=\"elementor-heading-title elementor-size-default\">\u0418\u041d\u0424\u041e\u0420\u041c\u0410\u0426\u0418\u042f \u0414\u041b\u042f \u041f\u0418\u041b\u041e\u0422\u041e\u0412<\/h2>\t\t\t\t<\/div>\n\t\t\t\t<\/div>\n\t\t\t\t<div class=\"elementor-element elementor-element-c23070d elementor-widget elementor-widget-image\" data-id=\"c23070d\" data-element_type=\"widget\" data-e-type=\"widget\" data-widget_type=\"image.default\">\n\t\t\t\t<div class=\"elementor-widget-container\">\n\t\t\t\t\t\t\t\t\t\t\t\t\t\t\t<img fetchpriority=\"high\" decoding=\"async\" width=\"752\" height=\"423\" src=\"https:\/\/flypark.ee\/wp-content\/uploads\/2023\/09\/tow-1024x576.png\" class=\"attachment-large size-large wp-image-1250\" alt=\"\" srcset=\"https:\/\/flypark.ee\/wp-content\/uploads\/2023\/09\/tow-1024x576.png 1024w, https:\/\/flypark.ee\/wp-content\/uploads\/2023\/09\/tow-300x169.png 300w, https:\/\/flypark.ee\/wp-content\/uploads\/2023\/09\/tow-600x337.png 600w, https:\/\/flypark.ee\/wp-content\/uploads\/2023\/09\/tow-768x432.png 768w, https:\/\/flypark.ee\/wp-content\/uploads\/2023\/09\/tow-100x56.png 100w, https:\/\/flypark.ee\/wp-content\/uploads\/2023\/09\/tow-150x84.png 150w, https:\/\/flypark.ee\/wp-content\/uploads\/2023\/09\/tow-200x112.png 200w, https:\/\/flypark.ee\/wp-content\/uploads\/2023\/09\/tow-450x253.png 450w, https:\/\/flypark.ee\/wp-content\/uploads\/2023\/09\/tow-900x506.png 900w, https:\/\/flypark.ee\/wp-content\/uploads\/2023\/09\/tow.png 1366w\" sizes=\"(max-width: 752px) 100vw, 752px\" \/>\t\t\t\t\t\t\t\t\t\t\t\t\t\t\t<\/div>\n\t\t\t\t<\/div>\n\t\t\t\t<div class=\"elementor-element elementor-element-a581b79 elementor-widget elementor-widget-text-editor\" data-id=\"a581b79\" data-element_type=\"widget\" data-e-type=\"widget\" data-widget_type=\"text-editor.default\">\n\t\t\t\t<div class=\"elementor-widget-container\">\n\t\t\t\t\t\t\t\t\t<ul><li><strong>\u0417\u0430\u0442\u044f\u0436\u043a\u0430:<br \/><\/strong>\u0421\u0442\u043e\u0438\u043c\u043e\u0441\u0442\u044c \u0437\u0430\u0442\u044f\u0436\u043a\u0438:\u00a0 <strong>8 \u0435\u0432\u0440\u043e<\/strong>.<\/li><\/ul><ul><li><strong>\u0421\u0435\u0437\u043e\u043d\u043d\u044b\u0435 \u0430\u0431\u043e\u043d\u0435\u043c\u0435\u043d\u0442\u044b (\u0434\u0435\u0439\u0441\u0442\u0432\u0443\u044e\u0442\u00a01 \u043b\u0451\u0442\u043d\u044b\u0439 \u0441\u0435\u0437\u043e\u043d):<br \/><\/strong>\u0410\u0431\u043e\u043d\u0435\u043c\u0435\u043d\u0442 \u043d\u0430 10 \u0437\u0430\u0442\u044f\u0436\u0435\u043a: <strong>75 \u0435\u0432\u0440\u043e<\/strong>.<br \/>\u0410\u0431\u043e\u043d\u0435\u043c\u0435\u043d\u0442 \u043d\u0430 20 \u0437\u0430\u0442\u044f\u0436\u0435\u043a:\u00a0 <strong>140 \u0435\u0432\u0440\u043e<\/strong>.<br \/>\u0411\u0435\u0437\u043b\u0438\u043c\u0438\u0442\u043d\u044b\u0439 \u0430\u0431\u043e\u043d\u0435\u043c\u0435\u043d\u0442\n(\u0434\u0435\u0439\u0441\u0442\u0432\u0443\u0435\u0442 \u043e\u0434\u0438\u043d \u0441\u0435\u0437\u043e\u043d,\n\u043d\u0435\u043e\u0433\u0440\u0430\u043d\u0438\u0447\u0435\u043d\u043d\u043e\u0435 \u043a\u043e\u043b\u0438\u0447\u0435\u0441\u0442\u0432\u043e\n\u0437\u0430\u0442\u044f\u0436\u0435\u043a):\u00a0 <strong>250 \u0435\u0432\u0440\u043e<\/strong>.<\/li><\/ul><p>\u0412\u044b \u043c\u043e\u0436\u0435\u0442\u0435 \u043e\u043f\u043b\u0430\u0442\u0438\u0442\u044c \u0437\u0430\u0442\u044f\u0436\u043a\u0438 \u0447\u0435\u0440\u0435\u0437 \u0431\u0430\u043d\u043a: <a href=\"http:\/\/flypark.ee\/ru\/shop\/?add-to-cart=2349\">\u043e\u043f\u043b\u0430\u0442\u0438\u0442\u044c<\/a><\/p><ul><li><strong>\u0423\u043a\u043b\u0430\u0434\u043a\u0430 \u0441\u043f\u0430\u0441\u0430\u0442\u0435\u043b\u044c\u043d\u043e\u0433\u043e \u043f\u0430\u0440\u0430\u0448\u044e\u0442\u0430:<br \/><\/strong>--- \u041a\u0440\u0443\u0433\u043b\u044b\u0439, \u043a\u0432\u0430\u0434\u0440\u0430\u0442\u043d\u044b\u0439,\n\u0433\u0438\u0431\u0440\u0438\u0434\u043d\u044b\u0439:\u00a0 <strong style=\"text-align: var(--text-align); text-transform: inherit;\">30 <\/strong><strong style=\"text-align: var(--text-align); text-transform: inherit;\">\u0435\u0432\u0440\u043e<\/strong><span style=\"text-align: var(--text-align); text-transform: inherit;\">.<\/span><\/li><\/ul>\t\t\t\t\t\t\t\t<\/div>\n\t\t\t\t<\/div>\n\t\t\t\t<div class=\"elementor-element elementor-element-6aa164f elementor-widget elementor-widget-image\" data-id=\"6aa164f\" data-element_type=\"widget\" data-e-type=\"widget\" data-widget_type=\"image.default\">\n\t\t\t\t<div class=\"elementor-widget-container\">\n\t\t\t\t\t\t\t\t\t\t\t\t\t\t\t<img decoding=\"async\" width=\"752\" height=\"500\" src=\"https:\/\/flypark.ee\/wp-content\/uploads\/2023\/09\/rescue.jpg\" class=\"attachment-large size-large wp-image-1307\" alt=\"\" srcset=\"https:\/\/flypark.ee\/wp-content\/uploads\/2023\/09\/rescue.jpg 770w, https:\/\/flypark.ee\/wp-content\/uploads\/2023\/09\/rescue-300x199.jpg 300w, https:\/\/flypark.ee\/wp-content\/uploads\/2023\/09\/rescue-600x399.jpg 600w, https:\/\/flypark.ee\/wp-content\/uploads\/2023\/09\/rescue-768x511.jpg 768w, https:\/\/flypark.ee\/wp-content\/uploads\/2023\/09\/rescue-100x66.jpg 100w, https:\/\/flypark.ee\/wp-content\/uploads\/2023\/09\/rescue-150x100.jpg 150w, https:\/\/flypark.ee\/wp-content\/uploads\/2023\/09\/rescue-200x133.jpg 200w, https:\/\/flypark.ee\/wp-content\/uploads\/2023\/09\/rescue-450x299.jpg 450w\" sizes=\"(max-width: 752px) 100vw, 752px\" \/>\t\t\t\t\t\t\t\t\t\t\t\t\t\t\t<\/div>\n\t\t\t\t<\/div>\n\t\t\t\t\t<\/div>\n\t\t\t\t<\/div>\n\t\t\t\t\t<\/div>\n\t\t<\/div>\n\t\t\t\t<div class=\"elementor-column elementor-col-50 elementor-top-column elementor-element elementor-element-444f5fa5 rael-particle-no\" data-id=\"444f5fa5\" data-element_type=\"column\" data-e-type=\"column\">\n\t\t\t<div class=\"elementor-widget-wrap elementor-element-populated\">\n\t\t\t\t\t\t<section class=\"elementor-section elementor-inner-section elementor-element elementor-element-2c263cf9 elementor-section-boxed elementor-section-height-default elementor-section-height-default rael-particle-no\" data-id=\"2c263cf9\" data-element_type=\"section\" data-e-type=\"section\" data-settings=\"{&quot;rae_animations_entrance&quot;:&quot;none&quot;}\">\n\t\t\t\t\t\t<div class=\"elementor-container elementor-column-gap-default\">\n\t\t\t\t\t<div class=\"elementor-column elementor-col-100 elementor-inner-column elementor-element elementor-element-3476cc31 rael-particle-no\" data-id=\"3476cc31\" data-element_type=\"column\" data-e-type=\"column\">\n\t\t\t<div class=\"elementor-widget-wrap elementor-element-populated\">\n\t\t\t\t\t\t<div class=\"elementor-element elementor-element-1ee99400 elementor-widget elementor-widget-heading\" data-id=\"1ee99400\" data-element_type=\"widget\" data-e-type=\"widget\" data-widget_type=\"heading.default\">\n\t\t\t\t<div class=\"elementor-widget-container\">\n\t\t\t\t\t<h2 class=\"elementor-heading-title elementor-size-default\">\u041f\u041e\u0414\u0410\u0420\u041e\u0427\u041d\u0410\u042f \u041a\u0410\u0420\u0422\u0410<\/h2>\t\t\t\t<\/div>\n\t\t\t\t<\/div>\n\t\t\t\t<div class=\"elementor-element elementor-element-7ef41d9 elementor-widget elementor-widget-image\" data-id=\"7ef41d9\" data-element_type=\"widget\" data-e-type=\"widget\" data-widget_type=\"image.default\">\n\t\t\t\t<div class=\"elementor-widget-container\">\n\t\t\t\t\t\t\t\t\t\t\t\t\t\t\t\t<a href=\"https:\/\/flypark.ee\/ru\/kinkekaart\/\">\n\t\t\t\t\t\t\t<img decoding=\"async\" width=\"752\" height=\"533\" src=\"https:\/\/flypark.ee\/wp-content\/uploads\/2025\/06\/\u0410\u043b\u0435\u043a\u0441\u0430\u043d\u0434\u0440_Kinkekaart_\u041f\u043e\u0434\u0430\u0440\u043e\u0447\u043d\u0430\u044f-\u043a\u0430\u0440\u0442\u0430_\u04306_4-4_\u043b\u0438\u0446\u043e_\u043f\u0440\u0435\u0432\u044c\u044e-768x547-1-1024x726.webp\" class=\"attachment-large size-large wp-image-3436\" alt=\"\" srcset=\"https:\/\/flypark.ee\/wp-content\/uploads\/2025\/06\/\u0410\u043b\u0435\u043a\u0441\u0430\u043d\u0434\u0440_Kinkekaart_\u041f\u043e\u0434\u0430\u0440\u043e\u0447\u043d\u0430\u044f-\u043a\u0430\u0440\u0442\u0430_\u04306_4-4_\u043b\u0438\u0446\u043e_\u043f\u0440\u0435\u0432\u044c\u044e-768x547-1-1024x726.webp 1024w, https:\/\/flypark.ee\/wp-content\/uploads\/2025\/06\/\u0410\u043b\u0435\u043a\u0441\u0430\u043d\u0434\u0440_Kinkekaart_\u041f\u043e\u0434\u0430\u0440\u043e\u0447\u043d\u0430\u044f-\u043a\u0430\u0440\u0442\u0430_\u04306_4-4_\u043b\u0438\u0446\u043e_\u043f\u0440\u0435\u0432\u044c\u044e-768x547-1-300x213.webp 300w, https:\/\/flypark.ee\/wp-content\/uploads\/2025\/06\/\u0410\u043b\u0435\u043a\u0441\u0430\u043d\u0434\u0440_Kinkekaart_\u041f\u043e\u0434\u0430\u0440\u043e\u0447\u043d\u0430\u044f-\u043a\u0430\u0440\u0442\u0430_\u04306_4-4_\u043b\u0438\u0446\u043e_\u043f\u0440\u0435\u0432\u044c\u044e-768x547-1-768x545.webp 768w, https:\/\/flypark.ee\/wp-content\/uploads\/2025\/06\/\u0410\u043b\u0435\u043a\u0441\u0430\u043d\u0434\u0440_Kinkekaart_\u041f\u043e\u0434\u0430\u0440\u043e\u0447\u043d\u0430\u044f-\u043a\u0430\u0440\u0442\u0430_\u04306_4-4_\u043b\u0438\u0446\u043e_\u043f\u0440\u0435\u0432\u044c\u044e-768x547-1-1536x1090.webp 1536w, https:\/\/flypark.ee\/wp-content\/uploads\/2025\/06\/\u0410\u043b\u0435\u043a\u0441\u0430\u043d\u0434\u0440_Kinkekaart_\u041f\u043e\u0434\u0430\u0440\u043e\u0447\u043d\u0430\u044f-\u043a\u0430\u0440\u0442\u0430_\u04306_4-4_\u043b\u0438\u0446\u043e_\u043f\u0440\u0435\u0432\u044c\u044e-768x547-1-18x12.webp 18w, https:\/\/flypark.ee\/wp-content\/uploads\/2025\/06\/\u0410\u043b\u0435\u043a\u0441\u0430\u043d\u0434\u0440_Kinkekaart_\u041f\u043e\u0434\u0430\u0440\u043e\u0447\u043d\u0430\u044f-\u043a\u0430\u0440\u0442\u0430_\u04306_4-4_\u043b\u0438\u0446\u043e_\u043f\u0440\u0435\u0432\u044c\u044e-768x547-1-100x71.webp 100w, https:\/\/flypark.ee\/wp-content\/uploads\/2025\/06\/\u0410\u043b\u0435\u043a\u0441\u0430\u043d\u0434\u0440_Kinkekaart_\u041f\u043e\u0434\u0430\u0440\u043e\u0447\u043d\u0430\u044f-\u043a\u0430\u0440\u0442\u0430_\u04306_4-4_\u043b\u0438\u0446\u043e_\u043f\u0440\u0435\u0432\u044c\u044e-768x547-1-150x106.webp 150w, https:\/\/flypark.ee\/wp-content\/uploads\/2025\/06\/\u0410\u043b\u0435\u043a\u0441\u0430\u043d\u0434\u0440_Kinkekaart_\u041f\u043e\u0434\u0430\u0440\u043e\u0447\u043d\u0430\u044f-\u043a\u0430\u0440\u0442\u0430_\u04306_4-4_\u043b\u0438\u0446\u043e_\u043f\u0440\u0435\u0432\u044c\u044e-768x547-1-200x142.webp 200w, https:\/\/flypark.ee\/wp-content\/uploads\/2025\/06\/\u0410\u043b\u0435\u043a\u0441\u0430\u043d\u0434\u0440_Kinkekaart_\u041f\u043e\u0434\u0430\u0440\u043e\u0447\u043d\u0430\u044f-\u043a\u0430\u0440\u0442\u0430_\u04306_4-4_\u043b\u0438\u0446\u043e_\u043f\u0440\u0435\u0432\u044c\u044e-768x547-1-450x319.webp 450w, https:\/\/flypark.ee\/wp-content\/uploads\/2025\/06\/\u0410\u043b\u0435\u043a\u0441\u0430\u043d\u0434\u0440_Kinkekaart_\u041f\u043e\u0434\u0430\u0440\u043e\u0447\u043d\u0430\u044f-\u043a\u0430\u0440\u0442\u0430_\u04306_4-4_\u043b\u0438\u0446\u043e_\u043f\u0440\u0435\u0432\u044c\u044e-768x547-1-600x426.webp 600w, https:\/\/flypark.ee\/wp-content\/uploads\/2025\/06\/\u0410\u043b\u0435\u043a\u0441\u0430\u043d\u0434\u0440_Kinkekaart_\u041f\u043e\u0434\u0430\u0440\u043e\u0447\u043d\u0430\u044f-\u043a\u0430\u0440\u0442\u0430_\u04306_4-4_\u043b\u0438\u0446\u043e_\u043f\u0440\u0435\u0432\u044c\u044e-768x547-1-900x638.jpg 900w, https:\/\/flypark.ee\/wp-content\/uploads\/2025\/06\/\u0410\u043b\u0435\u043a\u0441\u0430\u043d\u0434\u0440_Kinkekaart_\u041f\u043e\u0434\u0430\u0440\u043e\u0447\u043d\u0430\u044f-\u043a\u0430\u0440\u0442\u0430_\u04306_4-4_\u043b\u0438\u0446\u043e_\u043f\u0440\u0435\u0432\u044c\u044e-768x547-1.webp 1748w\" sizes=\"(max-width: 752px) 100vw, 752px\" \/>\t\t\t\t\t\t\t\t<\/a>\n\t\t\t\t\t\t\t\t\t\t\t\t\t\t\t<\/div>\n\t\t\t\t<\/div>\n\t\t\t\t\t<\/div>\n\t\t<\/div>\n\t\t\t\t\t<\/div>\n\t\t<\/section>\n\t\t\t\t\t<\/div>\n\t\t<\/div>\n\t\t\t\t\t<\/div>\n\t\t<\/section>\n\t\t\t\t<\/div>","protected":false},"excerpt":{"rendered":"<p>INFORMATSIOON PILOTIDELE T\u00f5mme:&#8212; \u00dchekordne t\u00f5mme oma paraplaaniga: 8 eurot. Hooajaline abonement (kehtivad \u00fche lennuhooaja jooksul):&#8212; Abonement 10 t\u00f5mmet: 75 eurot.&#8212; Abonement 20 t\u00f5mmet: 140 eurot.&#8212; Piiramatud abonement (kehtib \u00fcks hooaeg, piiramatu arv t\u00f5mbeid): 250 eurot. K\u00f5ik oma t\u00f5mmet saate maksta &hellip;<\/p>\n<p class=\"read-more\"> <a class=\"more-link\" href=\"https:\/\/flypark.ee\/ru\/pilot\/\"> <span class=\"screen-reader-text\">\u041f\u0438\u043b\u043e\u0442\u0443<\/span> \u0427\u0438\u0442\u0430\u0442\u044c \u0434\u0430\u043b\u0435\u0435 &raquo;<\/a><\/p>","protected":false},"author":1,"featured_media":0,"parent":0,"menu_order":0,"comment_status":"closed","ping_status":"closed","template":"elementor_header_footer","meta":{"_monsterinsights_skip_tracking":false,"_monsterinsights_sitenote_active":false,"_monsterinsights_sitenote_note":"","_monsterinsights_sitenote_category":0,"footnotes":""},"class_list":["post-68","page","type-page","status-publish","hentry"],"aioseo_notices":[],"_links":{"self":[{"href":"https:\/\/flypark.ee\/ru\/wp-json\/wp\/v2\/pages\/68","targetHints":{"allow":["GET"]}}],"collection":[{"href":"https:\/\/flypark.ee\/ru\/wp-json\/wp\/v2\/pages"}],"about":[{"href":"https:\/\/flypark.ee\/ru\/wp-json\/wp\/v2\/types\/page"}],"author":[{"embeddable":true,"href":"https:\/\/flypark.ee\/ru\/wp-json\/wp\/v2\/users\/1"}],"replies":[{"embeddable":true,"href":"https:\/\/flypark.ee\/ru\/wp-json\/wp\/v2\/comments?post=68"}],"version-history":[{"count":71,"href":"https:\/\/flypark.ee\/ru\/wp-json\/wp\/v2\/pages\/68\/revisions"}],"predecessor-version":[{"id":3455,"href":"https:\/\/flypark.ee\/ru\/wp-json\/wp\/v2\/pages\/68\/revisions\/3455"}],"wp:attachment":[{"href":"https:\/\/flypark.ee\/ru\/wp-json\/wp\/v2\/media?parent=68"}],"curies":[{"name":"wp","href":"https:\/\/api.w.org\/{rel}","templated":true}]}}